{"id":43,"date":"2023-08-25T11:54:07","date_gmt":"2023-08-25T09:54:07","guid":{"rendered":"http:\/\/test8899.cooperlic.be\/?page_id=43"},"modified":"2024-07-04T12:13:21","modified_gmt":"2024-07-04T10:13:21","slug":"accueil","status":"publish","type":"page","link":"https:\/\/test8899.cooperlic.be\/","title":{"rendered":"Accueil"},"content":{"rendered":"<ul>\n<li>\n        <a href=\"\/index.php\/espace-cooperateur-trice\/\">Espace coop\u00e9rateur\/trice<\/a>\n    <\/li>\n<li>\n        <a href=\"https:\/\/coophub.cooperlic.be\/register\/be-fr\/CPRL\">Devenir coop\u00e9rateur\/trice<\/a>\n    <\/li>\n<li>\n        <a href=\"\/index.php\/page\/\">Contactez-nous<\/a>\n    <\/li>\n<\/ul>\n<hr>\n<ul>\n<li>\n<p>        <img decoding=\"async\" src=\"\/wp-content\/uploads\/2023\/08\/Image-1-2-scaled.jpg\" alt=\"\"><\/p>\n<h2>Coop\u00e9rative d&rsquo;EneRgie Li\u00e9geoise Citoyenne<\/h2>\n<p><a href=\"#\">CoopERLiC SCES agr\u00e9\u00e9e <\/a><\/p>\n<\/li>\n<li>\n<p>        <img decoding=\"async\" src=\"\/wp-content\/uploads\/2023\/08\/Image-3-2.jpg\" alt=\"\"><\/p>\n<h2>Coop\u00e9rative d&rsquo;EneRgie Li\u00e9geoise Citoyenne<\/h2>\n<p>Soci\u00e9t\u00e9 coop\u00e9rative agr\u00e9\u00e9e Entreprise Sociale<\/p>\n<p><a href=\"#\">CoopERLiC SCES agr\u00e9\u00e9e <\/a><\/p>\n<\/li>\n<\/ul>\n<h2>Soyez acteurs de la transition \u00e9nerg\u00e9tique<\/h2>\n<div>J\u2019agis concr\u00e8tement pour le climat !<\/div>\n<ul>\n<li>\n<p><img decoding=\"async\" src=\"\/wp-content\/uploads\/2023\/08\/icone1.jpg\" alt=\"\"><\/p>\n<h3>CoopERLiC<\/h3>\n<div>\n<p><span>vise \u00e0 soutenir l\u2019action collective pour le climat et permettre aux Li\u00e9geois de devenir, concr\u00e8tement, acteurs de la Transition \u00c9nerg\u00e9tique.<\/span><\/p>\n<\/div>\n<\/li>\n<li>\n<p><img decoding=\"async\" src=\"\/wp-content\/uploads\/2023\/08\/icone2.jpg\" alt=\"\"><\/p>\n<h3>\u00c9thique<\/h3>\n<div>\n<p><span>Elle entend promouvoir une \u00e9conomie \u00e9thique, locale et solidaire dans le respect du vivant.<\/span><\/p>\n<\/div>\n<\/li>\n<li>\n<p><img decoding=\"async\" src=\"\/wp-content\/uploads\/2023\/08\/icone3.jpg\" alt=\"\"><\/p>\n<h3>Communaut\u00e9<\/h3>\n<div>\n<p><span>CoopERLiC ambitionne de devenir un acteur de r\u00e9f\u00e9rence en r\u00e9gion li\u00e9geoise, qui permette aux citoyens et acteurs du territoire de se mobiliser au sein d\u2019une Communaut\u00e9 \u00c9nerg\u00e9tique Citoyenne.<\/span><\/p>\n<\/div>\n<\/li>\n<li>\n<p><img decoding=\"async\" src=\"\/wp-content\/uploads\/2023\/08\/icone4.jpg\" alt=\"\"><\/p>\n<h3>\u00c9nergie<\/h3>\n<div>\n<p><span>CoopERLiC produit et partage de l\u2019\u00e9nergie renouvelable, <\/span><span>initie, d\u00e9veloppe ou g\u00e8re des Communaut\u00e9s d&rsquo;\u00c9nergie et <\/span><span>offre des conseils et services d\u2019\u00e9conomie d\u2019\u00e9nergie<\/span><\/p>\n<\/div>\n<\/li>\n<\/ul>\n<hr>\n<div>\n<p><span>L&rsquo;\u00e9nergie en partage<\/span><\/p>\n<\/div>\n<p>\n    <a href=\"\/index.php\/cooperative\/notre-raison-detre\/\">D\u00e9couvrez notre coop\u00e9rative <\/a>\n<\/p>\n<p><img decoding=\"async\" src=\"\/wp-content\/uploads\/2023\/08\/home-about-bg3.svg\" alt=\"\"><\/p>\n<div>\n<p>        <img decoding=\"async\" src=\"\/wp-content\/uploads\/2023\/08\/photo3.jpg\" alt=\"\"><\/p>\n<h3>Bienvenue parmis nous<\/h3>\n<p><a href=\"\/index.php\/cooperative\/devenez-cooperateur\/\">Devenez coop\u00e9rateur.trice<\/a><\/p>\n<\/div>\n<h1>Nos services<\/h1>\n<div>\n<p>        <img decoding=\"async\" src=\"\/wp-content\/uploads\/2023\/08\/Image-2-2.jpg\" alt=\"\"><\/p>\n<h3>Conseiller en \u00e9nergie communautaire<\/h3>\n<p><a href=\"\/index.php\/nos-services\/conseiller-en-energie-communautaire\/\">En savoir plus<\/a><\/p>\n<\/div>\n<div>\n<p>        <img decoding=\"async\" src=\"\/wp-content\/uploads\/2023\/08\/Image-3-2.jpg\" alt=\"\"><\/p>\n<h3>Producteur d&rsquo;\u00e9nergie renouvelable<\/h3>\n<p><a href=\"\/index.php\/nos-services\/producteur-denergie\/\">En savoir plus<\/a><\/p>\n<\/div>\n<div>\n<p>        <img decoding=\"async\" src=\"\/wp-content\/uploads\/2023\/08\/Image-4-3.jpg\" alt=\"\"><\/p>\n<h3>Financement de projets d&rsquo;\u00e9nergie renouvelable<\/h3>\n<p><a href=\"\/index.php\/nos-services\/tiers-investisseur\/\">En savoir plus<\/a><\/p>\n<\/div>\n<h3><span style=\"font-family: Calibri, sans-serif;\">Vous voulez faire partie des solutions et agir contre le changement climatique ?<\/span><\/h3>\n<ul>\n<li>\n        <a href=\"\/index.php\/page\/\">Contactez-Nous<\/a>\n    <\/li>\n<li>\n        <a href=\"#\">Newsletter<\/a>\n    <\/li>\n<\/ul>\n<p><img decoding=\"async\" src=\"\/wp-content\/uploads\/2023\/08\/photo8.jpg\" alt=\"\"><\/p>\n<p><!--more--><br \/>\n<!-- {\"type\":\"layout\",\"children\":[{\"type\":\"section\",\"props\":{\"image_position\":\"center-center\",\"padding\":\"xsmall\",\"padding_remove_bottom\":true,\"padding_remove_top\":false,\"style\":\"primary\",\"title_breakpoint\":\"xl\",\"title_position\":\"top-left\",\"title_rotation\":\"left\",\"vertical_align\":\"\",\"width\":\"expand\"},\"children\":[{\"type\":\"row\",\"children\":[{\"type\":\"column\",\"props\":{\"image_position\":\"center-center\",\"position_sticky_breakpoint\":\"m\"},\"children\":[{\"type\":\"button\",\"props\":{\"button_size\":\"small\",\"fullwidth\":false,\"grid_column_gap\":\"small\",\"grid_row_gap\":\"small\",\"margin\":\"default\",\"text_align\":\"right\"},\"children\":[{\"type\":\"button_item\",\"props\":{\"button_style\":\"danger\",\"content\":\"Espace coop\\u00e9rateur\\\/trice\",\"icon_align\":\"left\",\"link\":\"index.php\\\/espace-cooperateur-trice\\\/\"}},{\"type\":\"button_item\",\"props\":{\"button_style\":\"primary\",\"content\":\"Devenir coop\\u00e9rateur\\\/trice\",\"icon_align\":\"left\",\"link\":\"https:\\\/\\\/coophub.cooperlic.be\\\/register\\\/be-fr\\\/CPRL\",\"link_target\":\"blank\"}},{\"type\":\"button_item\",\"props\":{\"button_style\":\"secondary\",\"content\":\"Contactez-nous\",\"icon\":\"mail\",\"icon_align\":\"left\",\"link\":\"index.php\\\/page\\\/\"}}]},{\"type\":\"divider\",\"props\":{\"divider_element\":\"hr\"}}]}]}]},{\"name\":\"Slideshow\",\"type\":\"section\",\"props\":{\"animation_delay\":false,\"image_position\":\"center-center\",\"padding\":\"small\",\"padding_remove_bottom\":true,\"padding_remove_top\":true,\"style\":\"default\",\"title_breakpoint\":\"xl\",\"title_position\":\"top-left\",\"title_rotation\":\"left\",\"vertical_align\":\"\",\"width\":\"\"},\"children\":[{\"type\":\"row\",\"children\":[{\"type\":\"column\",\"props\":{\"image_position\":\"center-center\",\"position_sticky_breakpoint\":\"m\",\"width_medium\":\"1-1\"},\"children\":[{\"type\":\"slideshow\",\"props\":{\"animation\":\"fade\",\"image_loading\":true,\"image_width\":\"2560\",\"link_parallax_opacity\":\"0,1,1\",\"link_parallax_y\":\"50,0,0\",\"link_style\":\"primary\",\"link_text\":\"View House\",\"margin\":\"default\",\"meta_align\":\"above-title\",\"meta_element\":\"div\",\"meta_parallax_opacity\":\"0,1,1\",\"meta_parallax_y\":\"-50,0,0\",\"meta_style\":\"h6\",\"nav\":\"dotnav\",\"nav_align\":\"center\",\"nav_breakpoint\":\"\",\"nav_position\":\"bottom-center\",\"nav_position_margin\":\"medium\",\"overlay_animation\":\"parallax\",\"overlay_container\":\"default\",\"overlay_position\":\"center\",\"overlay_width\":\"xlarge\",\"show_content\":true,\"show_link\":true,\"show_meta\":true,\"show_thumbnail\":true,\"show_title\":true,\"slidenav\":\"default\",\"slidenav_breakpoint\":\"m\",\"slidenav_hover\":false,\"slidenav_large\":true,\"slidenav_margin\":\"medium\",\"slidenav_outside_breakpoint\":\"xl\",\"slideshow_autoplay\":true,\"slideshow_autoplay_pause\":false,\"slideshow_max_height\":\"840\",\"slideshow_min_height\":\"600\",\"slideshow_ratio\":\"16:7\",\"slideshow_velocity\":0.6,\"text_align\":\"center\",\"text_align_fallback\":\"center\",\"text_color\":\"dark\",\"thumbnav_height\":\"75\",\"thumbnav_svg_color\":\"emphasis\",\"thumbnav_width\":\"100\",\"title_color\":\"emphasis\",\"title_element\":\"h2\",\"title_font_family\":\"secondary\",\"title_parallax_opacity\":\"0,1,1\",\"title_parallax_x\":\"-200,0,200\",\"title_style\":\"heading-medium\"},\"children\":[{\"type\":\"slideshow_item\",\"props\":{\"image\":\"wp-content\\\/uploads\\\/2023\\\/08\\\/Image-1-2-scaled.jpg\",\"item_element\":\"article\",\"link\":\"#\",\"link_text\":\"CoopERLiC SCES agr\\u00e9\\u00e9e \",\"meta\":\"\",\"title\":\"Coop\\u00e9rative d'EneRgie Li\\u00e9geoise Citoyenne\"}},{\"type\":\"slideshow_item\",\"props\":{\"image\":\"wp-content\\\/uploads\\\/2023\\\/08\\\/Image-3-2.jpg\",\"item_element\":\"article\",\"link\":\"#\",\"link_text\":\"CoopERLiC SCES agr\\u00e9\\u00e9e \",\"meta\":\"Soci\\u00e9t\\u00e9 coop\\u00e9rative agr\\u00e9\\u00e9e Entreprise Sociale\",\"title\":\"Coop\\u00e9rative d'EneRgie Li\\u00e9geoise Citoyenne\"}}]}]}]}]},{\"type\":\"section\",\"props\":{\"animation\":\"slide-bottom\",\"animation_delay\":\"50\",\"image_effect\":\"parallax\",\"image_parallax_bgy\":\"-50,50\",\"image_parallax_easing\":\"1\",\"image_position\":\"center-center\",\"padding\":\"large\",\"padding_remove_bottom\":false,\"padding_remove_top\":false,\"style\":\"default\",\"title_breakpoint\":\"xl\",\"title_position\":\"top-left\",\"title_rotation\":\"left\",\"vertical_align\":\"\",\"width\":\"large\",\"width_expand\":\"right\"},\"children\":[{\"type\":\"row\",\"props\":{\"layout\":\"2-3,1-3\"},\"children\":[{\"type\":\"column\",\"props\":{\"image_position\":\"center-center\",\"position_sticky_breakpoint\":\"m\",\"width_medium\":\"1-2\"},\"children\":[{\"type\":\"headline\",\"props\":{\"animation\":\"slide-top-small\",\"content\":\"Soyez acteurs de la transition \\u00e9nerg\\u00e9tique\",\"title_color\":\"primary\",\"title_element\":\"h2\",\"title_font_family\":\"secondary\",\"title_style\":\"h2\"}},{\"type\":\"headline\",\"props\":{\"animation\":\"slide-bottom-small\",\"content\":\"J\\u2019agis concr\\u00e8tement pour le climat !\",\"margin\":\"default\",\"title_element\":\"div\",\"title_font_family\":\"secondary\",\"title_style\":\"h1\"}},{\"type\":\"grid\",\"props\":{\"content_column_breakpoint\":\"m\",\"content_margin\":\"small\",\"filter_align\":\"left\",\"filter_all\":true,\"filter_grid_breakpoint\":\"m\",\"filter_grid_width\":\"auto\",\"filter_position\":\"top\",\"filter_style\":\"tab\",\"grid_column_gap\":\"large\",\"grid_default\":\"1\",\"grid_medium\":\"\",\"grid_small\":\"2\",\"icon_width\":80,\"image_align\":\"top\",\"image_grid_breakpoint\":\"m\",\"image_grid_width\":\"1-2\",\"image_svg_color\":\"primary\",\"image_svg_inline\":true,\"item_animation\":true,\"link_style\":\"default\",\"link_text\":\"Read more\",\"margin\":\"large\",\"meta_align\":\"below-title\",\"meta_element\":\"div\",\"meta_style\":\"text-meta\",\"parallax_easing\":\"1\",\"show_content\":true,\"show_image\":true,\"show_link\":true,\"show_meta\":true,\"show_title\":true,\"title_align\":\"top\",\"title_element\":\"h3\",\"title_grid_breakpoint\":\"m\",\"title_grid_width\":\"1-2\",\"title_hover_style\":\"reset\",\"title_style\":\"h5\"},\"children\":[{\"type\":\"grid_item\",\"props\":{\"content\":\"\n\n<p><span>vise \\u00e0 soutenir l\\u2019action collective pour le climat et permettre aux Li\\u00e9geois de devenir, concr\\u00e8tement, acteurs de la Transition \\u00c9nerg\\u00e9tique.<\\\/span><\\\/p>\",\"image\":\"wp-content\\\/uploads\\\/2023\\\/08\\\/icone1.jpg\",\"title\":\"CoopERLiC\"}},{\"type\":\"grid_item\",\"props\":{\"content\":\"\n\n<p><span>Elle entend promouvoir une \\u00e9conomie \\u00e9thique, locale et solidaire dans le respect du vivant.<\\\/span><\\\/p>\",\"image\":\"wp-content\\\/uploads\\\/2023\\\/08\\\/icone2.jpg\",\"title\":\"\\u00c9thique\"}},{\"type\":\"grid_item\",\"props\":{\"content\":\"\n\n<p><span>CoopERLiC ambitionne de devenir un acteur de r\\u00e9f\\u00e9rence en r\\u00e9gion li\\u00e9geoise, qui permette aux citoyens et acteurs du territoire de se mobiliser au sein d\\u2019une Communaut\\u00e9 \\u00c9nerg\\u00e9tique Citoyenne.<\\\/span><\\\/p>\",\"image\":\"wp-content\\\/uploads\\\/2023\\\/08\\\/icone3.jpg\",\"title\":\"Communaut\\u00e9\"}},{\"type\":\"grid_item\",\"props\":{\"content\":\"\n\n<p><span>CoopERLiC produit et partage de l\\u2019\\u00e9nergie renouvelable, <\\\/span><span>initie, d\\u00e9veloppe ou g\\u00e8re des Communaut\\u00e9s d'\\u00c9nergie et <\\\/span><span>offre des conseils et services d\\u2019\\u00e9conomie d\\u2019\\u00e9nergie<\\\/span><\\\/p>\",\"image\":\"wp-content\\\/uploads\\\/2023\\\/08\\\/icone4.jpg\",\"title\":\"\\u00c9nergie\"}}]},{\"type\":\"divider\",\"props\":{\"divider_element\":\"hr\",\"divider_style\":\"small\"}},{\"type\":\"headline\",\"props\":{\"animation\":\"slide-bottom-small\",\"content\":\"\n\n<p><span>L'\\u00e9nergie en partage<\\\/span><\\\/p>\",\"margin\":\"default\",\"position\":\"relative\",\"title_element\":\"div\",\"title_font_family\":\"secondary\",\"title_style\":\"h1\"}},{\"type\":\"button\",\"props\":{\"fullwidth\":false,\"grid_column_gap\":\"small\",\"grid_row_gap\":\"small\",\"margin\":\"default\"},\"children\":[{\"type\":\"button_item\",\"props\":{\"button_style\":\"danger\",\"content\":\"D\\u00e9couvrez notre coop\\u00e9rative \",\"icon_align\":\"left\",\"link\":\"index.php\\\/cooperative\\\/notre-raison-detre\\\/\"}}]}]},{\"type\":\"column\",\"props\":{\"class\":\"tm-logo-clippath-2\",\"image_position\":\"center-center\",\"position_sticky_breakpoint\":\"m\",\"width_medium\":\"expand\"},\"children\":[{\"type\":\"image\",\"props\":{\"animation\":\"slide-right-small\",\"image\":\"wp-content\\\/uploads\\\/2023\\\/08\\\/home-about-bg3.svg\",\"image_height\":\"590\",\"image_svg_color\":\"emphasis\",\"image_svg_inline\":true,\"image_width\":\"590\",\"margin\":\"default\",\"parallax_y\":\"-50,50\",\"position\":\"absolute\",\"position_right\":\"-200\",\"text_align\":\"right\",\"visibility\":\"m\"}}]}]}],\"name\":\"About\"},{\"type\":\"section\",\"props\":{\"image_position\":\"center-center\",\"image_size\":\"cover\",\"padding\":\"large\",\"padding_remove_bottom\":false,\"padding_remove_top\":false,\"style\":\"secondary\",\"title_breakpoint\":\"xl\",\"title_position\":\"top-left\",\"title_rotation\":\"left\",\"vertical_align\":\"\",\"width\":\"large\"},\"children\":[{\"type\":\"row\",\"children\":[{\"type\":\"column\",\"props\":{\"image_position\":\"center-center\",\"position_sticky_breakpoint\":\"m\"},\"children\":[{\"type\":\"overlay\",\"props\":{\"image\":\"wp-content\\\/uploads\\\/2023\\\/08\\\/photo3.jpg\",\"image_transition\":\"scale-down\",\"image_width\":\"1400\",\"link\":\"index.php\\\/cooperative\\\/devenez-cooperateur\\\/\",\"link_fullwidth\":true,\"link_size\":\"large\",\"link_style\":\"danger\",\"link_text\":\"Devenez coop\\u00e9rateur.trice\",\"margin\":\"small\",\"meta_align\":\"below-title\",\"meta_element\":\"div\",\"meta_style\":\"text-meta\",\"overlay_hover\":false,\"overlay_link\":true,\"overlay_mode\":\"cover\",\"overlay_padding\":\"large\",\"overlay_position\":\"bottom-center\",\"overlay_style\":\"\",\"overlay_transition\":\"fade\",\"overlay_transition_background\":false,\"text_align\":\"center\",\"text_color\":\"light\",\"title\":\"Bienvenue parmis nous\",\"title_element\":\"h3\",\"title_font_family\":\"secondary\",\"title_hover_style\":\"reset\",\"title_style\":\"h1\",\"visibility\":\"m\"}},{\"type\":\"headline\",\"props\":{\"content\":\"Nos services\",\"text_align\":\"center\",\"title_color\":\"danger\",\"title_element\":\"h1\",\"title_font_family\":\"secondary\"}}]}],\"props\":{\"margin\":\"default\",\"margin_remove_top\":false}},{\"type\":\"row\",\"props\":{\"layout\":\"1-3,1-3,1-3\"},\"children\":[{\"type\":\"column\",\"props\":{\"image_position\":\"center-center\",\"position_sticky_breakpoint\":\"m\",\"width_medium\":\"1-3\"},\"children\":[{\"type\":\"overlay\",\"props\":{\"image\":\"wp-content\\\/uploads\\\/2023\\\/08\\\/Image-2-2.jpg\",\"image_transition\":\"scale-down\",\"link\":\"index.php\\\/nos-services\\\/conseiller-en-energie-communautaire\\\/\",\"link_style\":\"default\",\"link_text\":\"En savoir plus\",\"margin\":\"default\",\"meta_align\":\"below-title\",\"meta_element\":\"div\",\"meta_style\":\"text-meta\",\"overlay_hover\":true,\"overlay_mode\":\"cover\",\"overlay_position\":\"center\",\"overlay_style\":\"overlay-primary\",\"overlay_transition\":\"fade\",\"text_align\":\"center\",\"text_color\":\"light\",\"title\":\"Conseiller en \\u00e9nergie communautaire\",\"title_element\":\"h3\",\"title_hover_style\":\"reset\"}}]},{\"type\":\"column\",\"props\":{\"image_position\":\"center-center\",\"position_sticky_breakpoint\":\"m\",\"width_medium\":\"1-3\"},\"children\":[{\"type\":\"overlay\",\"props\":{\"image\":\"wp-content\\\/uploads\\\/2023\\\/08\\\/Image-3-2.jpg\",\"image_transition\":\"scale-down\",\"link\":\"index.php\\\/nos-services\\\/producteur-denergie\\\/\",\"link_style\":\"default\",\"link_text\":\"En savoir plus\",\"margin\":\"default\",\"meta_align\":\"below-title\",\"meta_element\":\"div\",\"meta_style\":\"text-meta\",\"overlay_hover\":true,\"overlay_mode\":\"cover\",\"overlay_position\":\"center\",\"overlay_style\":\"overlay-primary\",\"overlay_transition\":\"fade\",\"text_align\":\"center\",\"text_color\":\"light\",\"title\":\"Producteur d'\\u00e9nergie renouvelable\",\"title_element\":\"h3\",\"title_hover_style\":\"reset\"}}]},{\"type\":\"column\",\"props\":{\"image_position\":\"center-center\",\"position_sticky_breakpoint\":\"m\",\"width_medium\":\"1-3\"},\"children\":[{\"type\":\"overlay\",\"props\":{\"image\":\"wp-content\\\/uploads\\\/2023\\\/08\\\/Image-4-3.jpg\",\"image_transition\":\"scale-down\",\"link\":\"index.php\\\/nos-services\\\/tiers-investisseur\\\/\",\"link_style\":\"default\",\"link_text\":\"En savoir plus\",\"margin\":\"default\",\"meta_align\":\"below-title\",\"meta_element\":\"div\",\"meta_style\":\"text-meta\",\"overlay_hover\":true,\"overlay_mode\":\"cover\",\"overlay_position\":\"center\",\"overlay_style\":\"overlay-primary\",\"overlay_transition\":\"fade\",\"text_align\":\"center\",\"text_color\":\"light\",\"title\":\"Financement de projets d'\\u00e9nergie renouvelable\",\"title_element\":\"h3\",\"title_hover_style\":\"reset\"}}]}]}],\"name\":\"coop\\u00e9rateur\"},{\"type\":\"section\",\"props\":{\"animation\":\"fade\",\"image_position\":\"center-center\",\"padding\":\"small\",\"padding_remove_bottom\":true,\"padding_remove_top\":false,\"style\":\"default\",\"title_breakpoint\":\"xl\",\"title_position\":\"top-left\",\"title_rotation\":\"left\",\"vertical_align\":\"\",\"width\":\"large\"},\"children\":[{\"type\":\"row\",\"children\":[{\"type\":\"column\",\"props\":{\"image_position\":\"center-center\",\"padding\":\"large\",\"position_sticky_breakpoint\":\"m\",\"style\":\"tile-muted\",\"vertical_align\":\"middle\",\"width_large\":\"3-5\",\"width_medium\":\"1-2\"},\"children\":[{\"type\":\"headline\",\"props\":{\"block_align\":\"center\",\"content\":\"<span style=\\\"font-family: Calibri, sans-serif;\\\">Vous voulez faire partie des solutions et agir contre le changement climatique ?<\\\/span>\",\"maxwidth\":\"xlarge\",\"text_align\":\"left\",\"text_align_breakpoint\":\"m\",\"text_align_fallback\":\"center\",\"title_element\":\"h3\",\"title_font_family\":\"secondary\",\"title_style\":\"h2\"}},{\"type\":\"button\",\"props\":{\"animation\":\"slide-bottom-small\",\"block_align\":\"center\",\"grid_column_gap\":\"small\",\"grid_row_gap\":\"small\",\"margin\":\"medium\",\"maxwidth\":\"xlarge\",\"text_align\":\"left\",\"text_align_breakpoint\":\"m\",\"text_align_fallback\":\"center\"},\"children\":[{\"type\":\"button_item\",\"props\":{\"button_style\":\"primary\",\"content\":\"Contactez-Nous\",\"icon_align\":\"left\",\"link\":\"index.php\\\/page\\\/\",\"link_title\":\"Contactez-Nous\"}},{\"type\":\"button_item\",\"props\":{\"button_style\":\"default\",\"content\":\"Newsletter\",\"icon_align\":\"left\",\"link\":\"#\",\"link_title\":\"Newsletter\"}}]}]},{\"type\":\"column\",\"props\":{\"image_position\":\"center-center\",\"padding\":\"none\",\"position_sticky_breakpoint\":\"m\",\"style\":\"tile-muted\",\"vertical_align\":\"bottom\",\"width_large\":\"2-5\",\"width_medium\":\"1-2\"},\"children\":[{\"type\":\"image\",\"props\":{\"animation\":\"slide-right-small\",\"image\":\"wp-content\\\/uploads\\\/2023\\\/08\\\/photo8.jpg\",\"image_svg_color\":\"emphasis\",\"image_svg_inline\":true,\"image_width\":\"560\",\"margin\":\"default\",\"visibility\":\"m\"}}]}],\"props\":{\"column_gap\":\"collapse\",\"layout\":\"3-5,2-5\",\"row_gap\":\"collapse\"}}],\"name\":\"Call to Action\"}],\"version\":\"4.4.4\"} --><\/p>\n","protected":false},"excerpt":{"rendered":"<p>Espace coop\u00e9rateur\/trice Devenir coop\u00e9rateur\/trice Contactez-nous Coop\u00e9rative d&rsquo;EneRgie Li\u00e9geoise Citoyenne CoopERLiC SCES agr\u00e9\u00e9e Coop\u00e9rative d&rsquo;EneRgie Li\u00e9geoise Citoyenne Soci\u00e9t\u00e9 coop\u00e9rative agr\u00e9\u00e9e Entreprise Sociale CoopERLiC SCES agr\u00e9\u00e9e Soyez acteurs de la transition \u00e9nerg\u00e9tique J\u2019agis concr\u00e8tement pour le climat ! CoopERLiC vise \u00e0 soutenir l\u2019action collective pour le climat et permettre aux Li\u00e9geois de devenir, concr\u00e8tement, acteurs de la [&hellip;]<\/p>\n","protected":false},"author":4,"featured_media":0,"parent":0,"menu_order":0,"comment_status":"closed","ping_status":"closed","template":"","meta":{"footnotes":""},"class_list":["post-43","page","type-page","status-publish","hentry"],"_links":{"self":[{"href":"https:\/\/test8899.cooperlic.be\/index.php\/wp-json\/wp\/v2\/pages\/43","targetHints":{"allow":["GET"]}}],"collection":[{"href":"https:\/\/test8899.cooperlic.be\/index.php\/wp-json\/wp\/v2\/pages"}],"about":[{"href":"https:\/\/test8899.cooperlic.be\/index.php\/wp-json\/wp\/v2\/types\/page"}],"author":[{"embeddable":true,"href":"https:\/\/test8899.cooperlic.be\/index.php\/wp-json\/wp\/v2\/users\/4"}],"replies":[{"embeddable":true,"href":"https:\/\/test8899.cooperlic.be\/index.php\/wp-json\/wp\/v2\/comments?post=43"}],"version-history":[{"count":138,"href":"https:\/\/test8899.cooperlic.be\/index.php\/wp-json\/wp\/v2\/pages\/43\/revisions"}],"predecessor-version":[{"id":731,"href":"https:\/\/test8899.cooperlic.be\/index.php\/wp-json\/wp\/v2\/pages\/43\/revisions\/731"}],"wp:attachment":[{"href":"https:\/\/test8899.cooperlic.be\/index.php\/wp-json\/wp\/v2\/media?parent=43"}],"curies":[{"name":"wp","href":"https:\/\/api.w.org\/{rel}","templated":true}]}}