{"id":54,"date":"2023-08-25T12:53:58","date_gmt":"2023-08-25T10:53:58","guid":{"rendered":"http:\/\/test8899.cooperlic.be\/?page_id=54"},"modified":"2024-06-25T14:22:09","modified_gmt":"2024-06-25T12:22:09","slug":"cooperative","status":"publish","type":"page","link":"https:\/\/test8899.cooperlic.be\/index.php\/cooperative\/","title":{"rendered":"Coop\u00e9rative"},"content":{"rendered":"<h1>Coop\u00e9rative<\/h1>\n<ul>\n<li>\n<p>        <img decoding=\"async\" src=\"\/wp-content\/uploads\/2023\/08\/Image-5-2-scaled.jpg\" alt=\"\"><\/p>\n<h3>Notre raison d&rsquo;\u00eatre<\/h3>\n<p><a href=\"\/index.php\/cooperative\/notre-raison-detre\/\">En savoir plus<\/a><\/p>\n<\/li>\n<li>\n<p>        <img decoding=\"async\" src=\"\/wp-content\/uploads\/2023\/08\/photo20-2.jpg\" alt=\"\"><\/p>\n<h3>Notre \u00e9quipe<\/h3>\n<p><a href=\"\/index.php\/cooperative\/notre-equipe\/\">En savoir plus<\/a><\/p>\n<\/li>\n<li>\n<p>        <img decoding=\"async\" src=\"\/wp-content\/uploads\/2023\/08\/photo4-scaled.jpg\" alt=\"\"><\/p>\n<h3>Devenez coop\u00e9rateur<\/h3>\n<p><a href=\"\/index.php\/cooperative\/devenez-cooperateur\/\">En savoir plus<\/a><\/p>\n<\/li>\n<\/ul>\n<p><!--more--><br \/>\n<!-- {\"type\":\"layout\",\"children\":[{\"type\":\"section\",\"props\":{\"image_position\":\"center-center\",\"style\":\"primary\",\"title_breakpoint\":\"xl\",\"title_position\":\"top-left\",\"title_rotation\":\"left\",\"vertical_align\":\"\",\"width\":\"default\"},\"children\":[{\"type\":\"row\",\"children\":[{\"type\":\"column\",\"props\":{\"image_position\":\"center-center\",\"position_sticky_breakpoint\":\"m\"},\"children\":[{\"type\":\"headline\",\"props\":{\"content\":\"Coop\\u00e9rative\",\"text_align\":\"center\",\"title_element\":\"h1\",\"title_font_family\":\"secondary\"}},{\"type\":\"overlay-slider\",\"props\":{\"link_style\":\"primary\",\"link_text\":\"En savoir plus\",\"margin\":\"default\",\"meta_align\":\"below-title\",\"meta_element\":\"div\",\"meta_style\":\"text-meta\",\"nav\":\"dotnav\",\"nav_align\":\"center\",\"nav_breakpoint\":\"s\",\"overlay_hover\":false,\"overlay_mode\":\"cover\",\"overlay_position\":\"center\",\"overlay_style\":\"overlay-default\",\"overlay_transition\":\"fade\",\"overlay_transition_background\":false,\"show_content\":true,\"show_hover_image\":true,\"show_hover_video\":true,\"show_link\":true,\"show_meta\":true,\"show_title\":true,\"slidenav\":\"default\",\"slidenav_breakpoint\":\"s\",\"slidenav_margin\":\"medium\",\"slidenav_outside_breakpoint\":\"xl\",\"slider_autoplay\":true,\"slider_autoplay_pause\":true,\"slider_gap\":\"large\",\"slider_height\":\"viewport\",\"slider_height_offset_top\":true,\"slider_height_viewport\":80,\"slider_min_height\":\"350\",\"slider_sets\":true,\"slider_velocity\":\"1\",\"slider_width\":\"fixed\",\"slider_width_default\":\"1-1\",\"slider_width_medium\":\"1-3\",\"text_align\":\"center\",\"title_color\":\"success\",\"title_element\":\"h3\",\"title_font_family\":\"secondary\",\"title_hover_style\":\"reset\",\"title_style\":\"h4\"},\"children\":[{\"type\":\"overlay-slider_item\",\"props\":{\"image\":\"wp-content\\\/uploads\\\/2023\\\/08\\\/Image-5-2-scaled.jpg\",\"link\":\"index.php\\\/cooperative\\\/notre-raison-detre\\\/\",\"title\":\"Notre raison d'\\u00eatre\"}},{\"type\":\"overlay-slider_item\",\"props\":{\"image\":\"wp-content\\\/uploads\\\/2023\\\/08\\\/photo20-2.jpg\",\"link\":\"index.php\\\/cooperative\\\/notre-equipe\\\/\",\"title\":\"Notre \\u00e9quipe\"}},{\"type\":\"overlay-slider_item\",\"props\":{\"image\":\"wp-content\\\/uploads\\\/2023\\\/08\\\/photo4-scaled.jpg\",\"link\":\"index.php\\\/cooperative\\\/devenez-cooperateur\\\/\",\"title\":\"Devenez coop\\u00e9rateur\"}}]}]}]}]}],\"version\":\"4.4.4\"} --><\/p>\n","protected":false},"excerpt":{"rendered":"<p>Coop\u00e9rative Notre raison d&rsquo;\u00eatre En savoir plus Notre \u00e9quipe En savoir plus Devenez coop\u00e9rateur En savoir plus<\/p>\n","protected":false},"author":4,"featured_media":0,"parent":0,"menu_order":0,"comment_status":"closed","ping_status":"closed","template":"","meta":{"footnotes":""},"class_list":["post-54","page","type-page","status-publish","hentry"],"_links":{"self":[{"href":"https:\/\/test8899.cooperlic.be\/index.php\/wp-json\/wp\/v2\/pages\/54","targetHints":{"allow":["GET"]}}],"collection":[{"href":"https:\/\/test8899.cooperlic.be\/index.php\/wp-json\/wp\/v2\/pages"}],"about":[{"href":"https:\/\/test8899.cooperlic.be\/index.php\/wp-json\/wp\/v2\/types\/page"}],"author":[{"embeddable":true,"href":"https:\/\/test8899.cooperlic.be\/index.php\/wp-json\/wp\/v2\/users\/4"}],"replies":[{"embeddable":true,"href":"https:\/\/test8899.cooperlic.be\/index.php\/wp-json\/wp\/v2\/comments?post=54"}],"version-history":[{"count":22,"href":"https:\/\/test8899.cooperlic.be\/index.php\/wp-json\/wp\/v2\/pages\/54\/revisions"}],"predecessor-version":[{"id":560,"href":"https:\/\/test8899.cooperlic.be\/index.php\/wp-json\/wp\/v2\/pages\/54\/revisions\/560"}],"wp:attachment":[{"href":"https:\/\/test8899.cooperlic.be\/index.php\/wp-json\/wp\/v2\/media?parent=54"}],"curies":[{"name":"wp","href":"https:\/\/api.w.org\/{rel}","templated":true}]}}