{"id":564,"date":"2024-06-25T14:44:29","date_gmt":"2024-06-25T12:44:29","guid":{"rendered":"https:\/\/test8899.cooperlic.be\/?page_id=564"},"modified":"2024-06-26T09:29:03","modified_gmt":"2024-06-26T07:29:03","slug":"acp-antoine","status":"publish","type":"page","link":"https:\/\/test8899.cooperlic.be\/index.php\/acp-antoine\/","title":{"rendered":"ACP Antoine"},"content":{"rendered":"<h1>Nos r\u00e9alisations<\/h1>\n<h1>\n<p><b>ACP Cour Saint Antoine (Li\u00e8ge centre) &#8211; SIARE<\/b><\/p>\n<\/h1>\n<div>\n<p>Au cours de la p\u00e9riode 2020-2022, notre collaboration avec la Cour Saint Antoine visait \u00e0 orienter leur transition \u00e9nerg\u00e9tique. Les propositions envisag\u00e9es comprenaient l\u2019isolation, le remplacement de la chaudi\u00e8re et la production d\u2019\u00e9lectricit\u00e9 (cog\u00e9n\u00e9ration et panneaux photovolta\u00efques). La copropri\u00e9t\u00e9 a d\u00e9cid\u00e9 de se concentrer uniquement sur les besoins les plus urgents, optant pour le remplacement des chaudi\u00e8res.<\/p>\n<\/div>\n<p><img decoding=\"async\" src=\"\/wp-content\/uploads\/2024\/06\/CourStAntoine_Flamenc_Wikicommons_CCBYSA30-scaled.jpeg\" alt=\"\"><\/p>\n<p><!--more--><br \/>\n<!-- {\"type\":\"layout\",\"children\":[{\"name\":\"R\\u00e9alisation\",\"type\":\"section\",\"props\":{\"image_position\":\"center-center\",\"padding\":\"large\",\"style\":\"secondary\",\"title_breakpoint\":\"xl\",\"title_position\":\"top-left\",\"title_rotation\":\"left\",\"vertical_align\":\"\",\"width\":\"xlarge\"},\"children\":[{\"type\":\"row\",\"children\":[{\"type\":\"column\",\"props\":{\"image_position\":\"center-center\",\"position_sticky_breakpoint\":\"m\"},\"children\":[{\"type\":\"headline\",\"props\":{\"content\":\"Nos r\\u00e9alisations\",\"text_align\":\"left\",\"title_color\":\"success\",\"title_decoration\":\"bullet\",\"title_element\":\"h1\"}}]}]},{\"type\":\"row\",\"children\":[{\"type\":\"column\",\"props\":{\"image_position\":\"center-center\",\"position_sticky_breakpoint\":\"m\",\"width_medium\":\"1-2\"},\"children\":[{\"type\":\"headline\",\"props\":{\"content\":\"\n\n<p><b>ACP Cour Saint Antoine (Li\\u00e8ge centre) - SIARE<\\\/b><\\\/p>\",\"text_align\":\"center\",\"title_element\":\"h1\",\"title_font_family\":\"secondary\",\"title_style\":\"h3\"}},{\"type\":\"text\",\"props\":{\"block_align\":\"center\",\"column_breakpoint\":\"m\",\"content\":\"\n\n<p>Au cours de la p\\u00e9riode 2020-2022, notre collaboration avec la Cour Saint Antoine visait \\u00e0 orienter leur transition \\u00e9nerg\\u00e9tique. Les propositions envisag\\u00e9es comprenaient l\\u2019isolation, le remplacement de la chaudi\\u00e8re et la production d\\u2019\\u00e9lectricit\\u00e9 (cog\\u00e9n\\u00e9ration et panneaux photovolta\\u00efques). La copropri\\u00e9t\\u00e9 a d\\u00e9cid\\u00e9 de se concentrer uniquement sur les besoins les plus urgents, optant pour le remplacement des chaudi\\u00e8res.<\\\/p>\",\"margin\":\"default\",\"maxwidth\":\"xlarge\",\"text_align\":\"left\"}}]},{\"type\":\"column\",\"props\":{\"image_position\":\"center-center\",\"position_sticky_breakpoint\":\"m\",\"width_medium\":\"1-2\"},\"children\":[{\"type\":\"image\",\"props\":{\"image\":\"wp-content\\\/uploads\\\/2024\\\/06\\\/CourStAntoine_Flamenc_Wikicommons_CCBYSA30-scaled.jpeg\",\"image_svg_color\":\"emphasis\",\"margin\":\"default\"}}]}],\"props\":{\"layout\":\"1-2,1-2\"}},{\"type\":\"row\",\"children\":[{\"type\":\"column\",\"props\":{\"image_position\":\"center-center\",\"position_sticky_breakpoint\":\"m\"}}]}]}],\"version\":\"4.4.4\"} --><\/p>\n","protected":false},"excerpt":{"rendered":"<p>Nos r\u00e9alisations ACP Cour Saint Antoine (Li\u00e8ge centre) &#8211; SIARE Au cours de la p\u00e9riode 2020-2022, notre collaboration avec la Cour Saint Antoine visait \u00e0 orienter leur transition \u00e9nerg\u00e9tique. Les propositions envisag\u00e9es comprenaient l\u2019isolation, le remplacement de la chaudi\u00e8re et la production d\u2019\u00e9lectricit\u00e9 (cog\u00e9n\u00e9ration et panneaux photovolta\u00efques). La copropri\u00e9t\u00e9 a d\u00e9cid\u00e9 de se concentrer uniquement [&hellip;]<\/p>\n","protected":false},"author":4,"featured_media":0,"parent":0,"menu_order":0,"comment_status":"closed","ping_status":"closed","template":"","meta":{"footnotes":""},"class_list":["post-564","page","type-page","status-publish","hentry"],"_links":{"self":[{"href":"https:\/\/test8899.cooperlic.be\/index.php\/wp-json\/wp\/v2\/pages\/564","targetHints":{"allow":["GET"]}}],"collection":[{"href":"https:\/\/test8899.cooperlic.be\/index.php\/wp-json\/wp\/v2\/pages"}],"about":[{"href":"https:\/\/test8899.cooperlic.be\/index.php\/wp-json\/wp\/v2\/types\/page"}],"author":[{"embeddable":true,"href":"https:\/\/test8899.cooperlic.be\/index.php\/wp-json\/wp\/v2\/users\/4"}],"replies":[{"embeddable":true,"href":"https:\/\/test8899.cooperlic.be\/index.php\/wp-json\/wp\/v2\/comments?post=564"}],"version-history":[{"count":10,"href":"https:\/\/test8899.cooperlic.be\/index.php\/wp-json\/wp\/v2\/pages\/564\/revisions"}],"predecessor-version":[{"id":631,"href":"https:\/\/test8899.cooperlic.be\/index.php\/wp-json\/wp\/v2\/pages\/564\/revisions\/631"}],"wp:attachment":[{"href":"https:\/\/test8899.cooperlic.be\/index.php\/wp-json\/wp\/v2\/media?parent=564"}],"curies":[{"name":"wp","href":"https:\/\/api.w.org\/{rel}","templated":true}]}}