{"id":57,"date":"2023-08-25T12:55:05","date_gmt":"2023-08-25T10:55:05","guid":{"rendered":"http:\/\/test8899.cooperlic.be\/?page_id=57"},"modified":"2024-06-26T09:18:31","modified_gmt":"2024-06-26T07:18:31","slug":"notre-equipe","status":"publish","type":"page","link":"https:\/\/test8899.cooperlic.be\/index.php\/cooperative\/notre-equipe\/","title":{"rendered":"Notre \u00e9quipe"},"content":{"rendered":"<p><img decoding=\"async\" src=\"\/wp-content\/uploads\/2024\/06\/team.jpg\" alt=\"\"><\/p>\n<h1>\n<p><span>Notre \u00e9quipe, c&rsquo;est vous \u2026<\/span><\/p>\n<\/h1>\n<div>\n<p>Mais aussi un travailleur et un organe d\u2019administration compos\u00e9 de 6 citoyen.ne.s (3 hommes et 3 femmes), aux profils divers et vari\u00e9s pour mieux appr\u00e9hender les d\u00e9fis techniques, financiers, sociaux. Ils\/Elles s\u2019investissent \u00e0 titre personnel et b\u00e9n\u00e9vole. <span style=\"color: #ffc000;\">Une \u00e9quipe multidisciplinaire pleine d&rsquo;\u00e9nergie. <\/span>Nos profils sont divers et vari\u00e9s pour mieux appr\u00e9hender les d\u00e9fis techniques, financiers, sociaux.<\/p>\n<\/div>\n<hr>\n<h2>\n<p><span style=\"color: #ffc000;\">Travailleurs<\/span><\/p>\n<\/h2>\n<ul>\n<li>\n<p><img decoding=\"async\" src=\"\/wp-content\/uploads\/2023\/08\/Image-6-2.jpg\" alt=\"\"><\/p>\n<h2>Stephan LUX<\/h2>\n<p>Coordinateur CoopERLiC et Conseiller en r\u00e9novation \u00e9nerg\u00e9tique<\/p>\n<div>\n<p>Fort d&rsquo;une exp\u00e9rience de 20 ans en tant que gestionnaire de patrimoine, se distingue par sa profonde expertise dans la gestion financi\u00e8re, le montage de dossiers, le suivi de travaux ainsi que de l\u2019accompagnement de l\u2019humain. Dot\u00e9 d&rsquo;une vision strat\u00e9gique, il a guid\u00e9 avec succ\u00e8s ses clients vers des solutions personnalis\u00e9es.<\/p>\n<\/div>\n<\/li>\n<li>\n<p><img decoding=\"async\" src=\"\/wp-content\/uploads\/2024\/06\/michel.jpg\" alt=\"\"><\/p>\n<h2>Michel SIMAR<\/h2>\n<p>Technicien Coordinateur en R\u00e9novation \u00c9nerg\u00e9tique et Conseiller Assistant \u00e0 la ma\u00eetrise d\u2019ouvrage<\/p>\n<div>\n<p>Technicien en construction depuis plus de 25 ans, il incarne l&rsquo;engagement envers le respect de l&rsquo;environnement et du vivant dans son parcours professionnel. Son expertise technique alli\u00e9e \u00e0 une vision \u00e9thique en font un acteur cl\u00e9 pour ceux cherchant \u00e0 concilier responsabilit\u00e9 professionnelle et valeurs environnementales dans le domaine de la construction.<\/p>\n<\/div>\n<\/li>\n<\/ul>\n<hr>\n<h2>\n<p><span style=\"color: #ffc000;\">Organe d&rsquo;Administration<\/span><\/p>\n<\/h2>\n<div>\n<p>Il est actuellement compos\u00e9 de 6 citoyen.ne.s (3 hommes et 3 femmes). Iels s\u2019investissent \u00e0 titre personnel et b\u00e9n\u00e9vole.<\/p>\n<\/div>\n<ul>\n<li>\n<p><img decoding=\"async\" src=\"\/wp-content\/uploads\/2023\/08\/Image-7-2.jpg\" alt=\"\"><\/p>\n<h2>Jean-Pierre Balthasar<\/h2>\n<p>Administrateur<\/p>\n<div>\n<p>Avocat qui aime faire du pain avec ses voisin<\/p>\n<\/div>\n<\/li>\n<li>\n<p><img decoding=\"async\" src=\"\/wp-content\/uploads\/2023\/08\/Image-8-2.jpg\" alt=\"\"><\/p>\n<h2>Fabrice Collignon<\/h2>\n<p>Administrateur<\/p>\n<div>\n<p>Entrepreneur social coop\u00e9ratif compulsif<\/p>\n<\/div>\n<\/li>\n<li>\n<p><img decoding=\"async\" src=\"\/wp-content\/uploads\/2023\/08\/Image-9-2.jpg\" alt=\"\"><\/p>\n<h2>Sandra Corman<\/h2>\n<p>Administratrice<\/p>\n<div>\n<p>Ing\u00e9nieure commerciale. Adepte de la m\u00e9thode des petits pas.<\/p>\n<\/div>\n<\/li>\n<li>\n<p><img decoding=\"async\" src=\"\/wp-content\/uploads\/2023\/08\/Image-10-2.jpg\" alt=\"\"><\/p>\n<h2>David Dew\u00e9<\/h2>\n<p>Administrateur<\/p>\n<div>\n<p>Ing\u00e9nieur orient\u00e9 r\u00e9sultats, tout en combinant rigueur et agilit\u00e9<\/p>\n<\/div>\n<\/li>\n<li>\n<p><img decoding=\"async\" src=\"\/wp-content\/uploads\/2023\/08\/Image-11-2.jpg\" alt=\"\"><\/p>\n<h2>Anne-Pascale Seron<\/h2>\n<p>Administratrice<\/p>\n<div>\n<p>Assistante de direction, primesauti\u00e8re et dancing queen<\/p>\n<\/div>\n<\/li>\n<li>\n<p><img decoding=\"async\" src=\"\/wp-content\/uploads\/2023\/08\/Image-12-2.jpg\" alt=\"\"><\/p>\n<h2>Brigitte Vandermeer<\/h2>\n<p>Administratrice<\/p>\n<div>\n<p>Touche-\u00e0-tout geek et \u00e9pist\u00e9mophile<\/p>\n<\/div>\n<\/li>\n<\/ul>\n<p><a href=\"#\"><img decoding=\"async\" src=\"\/wp-content\/uploads\/2023\/08\/logo-inverse.png\" alt=\"CoopERLiC\"><\/a><\/p>\n<div>\n<p><span>CoopERLiC SCES agr\u00e9\u00e9e \u2013 Coop\u00e9rative d&rsquo;\u00c9neRgie Li\u00e9geoise Citoyenne<\/span><\/p>\n<\/div>\n<hr>\n<div>\n<p><span>Rue des Bayards, 67, 4000 Li\u00e8ge<br \/>info@cooperlic.be<br \/>0476\/89 21 78<br \/>Date de cr\u00e9ation : 15 janvier 2021<\/span><\/p>\n<\/div>\n<h3>Cooperative<\/h3>\n<ul>\n<li>\n<p><a href=\"#\"><\/p>\n<p>Notre raison d&rsquo;\u00eatre<\/p>\n<p><\/a><\/p>\n<\/li>\n<li>\n<p><a href=\"#\"><\/p>\n<p>Notre \u00e9quipe<\/p>\n<p><\/a><\/p>\n<\/li>\n<li>\n<p><a href=\"#\"><\/p>\n<p>Devenez Coop\u00e9rateur<\/p>\n<p><\/a><\/p>\n<\/li>\n<li>\n<p><a href=\"#\"><\/p>\n<p>On parle de nous<\/p>\n<p><\/a><\/p>\n<\/li>\n<\/ul>\n<h3>Services<\/h3>\n<ul>\n<li>\n<p><a href=\"#\"><\/p>\n<p>Conseiller<\/p>\n<p><\/a><\/p>\n<\/li>\n<li>\n<p><a href=\"#\"><\/p>\n<p>Tiers-investisseur<\/p>\n<p><\/a><\/p>\n<\/li>\n<\/ul>\n<h3>Pour qui ?<\/h3>\n<ul>\n<li>\n<p><a href=\"#\"><\/p>\n<p>Copropri\u00e9t\u00e9<\/p>\n<p><\/a><\/p>\n<\/li>\n<li>\n<p><a href=\"mailto:info@example.com\"><\/p>\n<p>Habitat group\u00e9<\/p>\n<p><\/a><\/p>\n<\/li>\n<li>\n<p><a href=\"#\"><\/p>\n<p>Pouvoir public<\/p>\n<p><\/a><\/p>\n<\/li>\n<li>\n<p><a href=\"#\"><\/p>\n<p>Entreprise<\/p>\n<p><\/a><\/p>\n<\/li>\n<li>\n<p><a href=\"#\"><\/p>\n<p>Citoyen<\/p>\n<p><\/a><\/p>\n<\/li>\n<\/ul>\n<div>\n<p><span>TVA 0761.645.879<br \/>IBAN BE53 1030 7113 8353<br \/>BIC NICABEBB<br \/><\/span><\/p>\n<\/div>\n<div>\n<p><span>Membre de Rescoop Wallonie\u00a0<br \/>\n    <a href=\"https:\/\/www.rescoop-wallonie.be\/\" target =\"_blank\"><img decoding=\"async\" src=\"\/wp-content\/uploads\/2023\/08\/REScoop-Wallonie-logo-footer2.png\" \/><\/a><\/span><\/p>\n<\/div>\n<div>\n<p><span>Avec la participation de la R\u00e9gion Wallonne\u00a0 <br \/><a href=\"https:\/\/www.wallonie.be\/fr\/\" target=\"_blank\" rel=\"noopener\"><img decoding=\"async\" src=\"\/wp-content\/uploads\/2023\/08\/logo-wallonie-small.png\" \/><\/a><\/span><\/p>\n<\/div>\n<hr>\n<ul>\n<li><a href=\"https:\/\/twitter.com\/yootheme\">twitter<\/a>\n<\/li>\n<li><a href=\"https:\/\/facebook.com\/yootheme\">facebook<\/a>\n<\/li>\n<li><a href=\"https:\/\/www.instagram.com\/\">instagram<\/a>\n<\/li>\n<li><a href=\"https:\/\/www.youtube.com\/channel\/UCScfGdEgRCOh9YJdpGu82eQ\">youtube<\/a>\n<\/li>\n<\/ul>\n<div>\n<p>\u00a9 <script> document.currentScript.insertAdjacentHTML('afterend', '<time datetime=\"' + new Date().toJSON() + '\">' + new Intl.DateTimeFormat(document.documentElement.lang, {year: 'numeric'}).format() + '<\/time>');     <\/script>. Tous droits r\u00e9serv\u00e9s. Site r\u00e9alis\u00e9 par <a href=\"https:\/\/www.keywi-creativestudio.be\">Keywi Creative Studio srl<\/a>.\u00a0<\/p>\n<\/div>\n<p><!--more--><br \/>\n<!-- {\"type\":\"layout\",\"children\":[{\"name\":\"Hero\",\"type\":\"section\",\"props\":{\"css\":\".el-section > [class*='uk-background-'] {\\n    min-height: 40vh;\\n}\",\"image_position\":\"center-center\",\"padding\":\"none\",\"style\":\"default\",\"title_breakpoint\":\"xl\",\"title_position\":\"top-left\",\"title_rotation\":\"left\",\"vertical_align\":\"\",\"width\":\"\"},\"children\":[{\"type\":\"row\",\"children\":[{\"type\":\"column\",\"props\":{\"image_position\":\"center-center\",\"position_sticky_breakpoint\":\"m\",\"width_medium\":\"1-1\"},\"children\":[{\"type\":\"image\",\"props\":{\"image\":\"wp-content\\\/uploads\\\/2024\\\/06\\\/team.jpg\",\"image_loading\":true,\"image_svg_color\":\"emphasis\",\"margin\":\"default\"}}]}]}]},{\"name\":\"Team\",\"type\":\"section\",\"props\":{\"image_position\":\"center-center\",\"padding\":\"large\",\"style\":\"default\",\"title_breakpoint\":\"xl\",\"title_position\":\"top-left\",\"title_rotation\":\"left\",\"vertical_align\":\"\",\"width\":\"xlarge\"},\"children\":[{\"type\":\"row\",\"children\":[{\"type\":\"column\",\"props\":{\"image_position\":\"center-center\",\"position_sticky_breakpoint\":\"m\",\"width_medium\":\"1-1\"},\"children\":[{\"type\":\"headline\",\"props\":{\"content\":\"\n\n<p><span>Notre \\u00e9quipe, c'est vous \\u2026<\\\/span><\\\/p>\",\"text_align\":\"center\",\"title_element\":\"h1\",\"title_font_family\":\"secondary\",\"title_style\":\"heading-small\"}},{\"type\":\"text\",\"props\":{\"block_align\":\"center\",\"column_breakpoint\":\"m\",\"content\":\"\n\n<p>Mais aussi un travailleur et un organe d\\u2019administration compos\\u00e9 de 6 citoyen.ne.s (3 hommes et 3 femmes), aux profils divers et vari\\u00e9s pour mieux appr\\u00e9hender les d\\u00e9fis techniques, financiers, sociaux. Ils\\\/Elles s\\u2019investissent \\u00e0 titre personnel et b\\u00e9n\\u00e9vole. <span style=\\\"color: #ffc000;\\\">Une \\u00e9quipe multidisciplinaire pleine d'\\u00e9nergie. <\\\/span>Nos profils sont divers et vari\\u00e9s pour mieux appr\\u00e9hender les d\\u00e9fis techniques, financiers, sociaux.<\\\/p>\",\"margin\":\"default\",\"maxwidth\":\"xlarge\",\"text_align\":\"center\"}},{\"type\":\"divider\",\"props\":{\"divider_element\":\"hr\"}},{\"type\":\"headline\",\"props\":{\"content\":\"\n\n<p><span style=\\\"color: #ffc000;\\\">Travailleurs<\\\/span><\\\/p>\",\"text_align\":\"center\",\"title_element\":\"h2\",\"title_font_family\":\"secondary\",\"title_style\":\"h3\"}},{\"type\":\"grid\",\"props\":{\"content_column_breakpoint\":\"m\",\"filter_align\":\"left\",\"filter_all\":true,\"filter_grid_breakpoint\":\"m\",\"filter_grid_width\":\"auto\",\"filter_position\":\"top\",\"filter_style\":\"tab\",\"grid_column_align\":true,\"grid_default\":\"2\",\"grid_large\":\"4\",\"grid_medium\":\"3\",\"icon_width\":80,\"image_align\":\"top\",\"image_border\":\"circle\",\"image_box_shadow\":\"medium\",\"image_grid_breakpoint\":\"m\",\"image_grid_width\":\"1-2\",\"image_loading\":true,\"image_svg_color\":\"emphasis\",\"image_width\":\"440\",\"item_animation\":true,\"link_style\":\"default\",\"link_text\":\"Read more\",\"margin\":\"large\",\"meta_align\":\"below-title\",\"meta_element\":\"div\",\"meta_margin\":\"remove\",\"meta_style\":\"\",\"parallax_easing\":\"1\",\"show_content\":true,\"show_image\":true,\"show_link\":true,\"show_meta\":true,\"show_title\":true,\"text_align\":\"center\",\"title_align\":\"top\",\"title_element\":\"h2\",\"title_grid_breakpoint\":\"m\",\"title_grid_width\":\"1-2\",\"title_hover_style\":\"reset\",\"title_style\":\"h4\"},\"children\":[{\"type\":\"grid_item\",\"props\":{\"content\":\"\n\n<p>Fort d'une exp\\u00e9rience de 20 ans en tant que gestionnaire de patrimoine, se distingue par sa profonde expertise dans la gestion financi\\u00e8re, le montage de dossiers, le suivi de travaux ainsi que de l\\u2019accompagnement de l\\u2019humain. Dot\\u00e9 d'une vision strat\\u00e9gique, il a guid\\u00e9 avec succ\\u00e8s ses clients vers des solutions personnalis\\u00e9es.<\\\/p>\",\"image\":\"wp-content\\\/uploads\\\/2023\\\/08\\\/Image-6-2.jpg\",\"meta\":\"Coordinateur CoopERLiC et Conseiller en r\\u00e9novation \\u00e9nerg\\u00e9tique\",\"title\":\"Stephan LUX\"}},{\"type\":\"grid_item\",\"props\":{\"content\":\"\n\n<p>Technicien en construction depuis plus de 25 ans, il incarne l'engagement envers le respect de l'environnement et du vivant dans son parcours professionnel. Son expertise technique alli\\u00e9e \\u00e0 une vision \\u00e9thique en font un acteur cl\\u00e9 pour ceux cherchant \\u00e0 concilier responsabilit\\u00e9 professionnelle et valeurs environnementales dans le domaine de la construction.<\\\/p>\",\"image\":\"wp-content\\\/uploads\\\/2024\\\/06\\\/michel.jpg\",\"meta\":\"Technicien Coordinateur en R\\u00e9novation \\u00c9nerg\\u00e9tique et Conseiller Assistant \\u00e0 la ma\\u00eetrise d\\u2019ouvrage\",\"title\":\"Michel SIMAR\"}}]},{\"type\":\"divider\",\"props\":{\"divider_element\":\"hr\"}},{\"type\":\"headline\",\"props\":{\"content\":\"\n\n<p><span style=\\\"color: #ffc000;\\\">Organe d'Administration<\\\/span><\\\/p>\",\"text_align\":\"center\",\"title_element\":\"h2\",\"title_font_family\":\"secondary\",\"title_style\":\"h3\"}},{\"type\":\"text\",\"props\":{\"column_breakpoint\":\"m\",\"content\":\"\n\n<p>Il est actuellement compos\\u00e9 de 6 citoyen.ne.s (3 hommes et 3 femmes). Iels s\\u2019investissent \\u00e0 titre personnel et b\\u00e9n\\u00e9vole.<\\\/p>\",\"margin\":\"default\",\"text_align\":\"center\"}},{\"type\":\"grid\",\"props\":{\"content_column_breakpoint\":\"m\",\"filter_align\":\"left\",\"filter_all\":true,\"filter_grid_breakpoint\":\"m\",\"filter_grid_width\":\"auto\",\"filter_position\":\"top\",\"filter_style\":\"tab\",\"grid_column_align\":true,\"grid_default\":\"2\",\"grid_large\":\"4\",\"grid_medium\":\"3\",\"icon_width\":80,\"image_align\":\"top\",\"image_border\":\"circle\",\"image_box_shadow\":\"medium\",\"image_grid_breakpoint\":\"m\",\"image_grid_width\":\"1-2\",\"image_loading\":true,\"image_svg_color\":\"emphasis\",\"image_width\":\"440\",\"item_animation\":true,\"link_style\":\"default\",\"link_text\":\"Read more\",\"margin\":\"large\",\"meta_align\":\"below-title\",\"meta_element\":\"div\",\"meta_margin\":\"remove\",\"meta_style\":\"\",\"parallax_easing\":\"1\",\"show_content\":true,\"show_image\":true,\"show_link\":true,\"show_meta\":true,\"show_title\":true,\"text_align\":\"center\",\"title_align\":\"top\",\"title_element\":\"h2\",\"title_grid_breakpoint\":\"m\",\"title_grid_width\":\"1-2\",\"title_hover_style\":\"reset\",\"title_style\":\"h4\"},\"children\":[{\"type\":\"grid_item\",\"props\":{\"content\":\"\n\n<p>Avocat qui aime faire du pain avec ses voisin<\\\/p>\",\"image\":\"wp-content\\\/uploads\\\/2023\\\/08\\\/Image-7-2.jpg\",\"meta\":\"Administrateur\",\"title\":\"Jean-Pierre Balthasar\"}},{\"type\":\"grid_item\",\"props\":{\"content\":\"\n\n<p>Entrepreneur social coop\\u00e9ratif compulsif<\\\/p>\",\"image\":\"wp-content\\\/uploads\\\/2023\\\/08\\\/Image-8-2.jpg\",\"meta\":\"Administrateur\",\"title\":\"Fabrice Collignon\"}},{\"type\":\"grid_item\",\"props\":{\"content\":\"\n\n<p>Ing\\u00e9nieure commerciale. Adepte de la m\\u00e9thode des petits pas.<\\\/p>\",\"image\":\"wp-content\\\/uploads\\\/2023\\\/08\\\/Image-9-2.jpg\",\"meta\":\"Administratrice\",\"title\":\"Sandra Corman\"}},{\"type\":\"grid_item\",\"props\":{\"content\":\"\n\n<p>Ing\\u00e9nieur orient\\u00e9 r\\u00e9sultats, tout en combinant rigueur et agilit\\u00e9<\\\/p>\",\"image\":\"wp-content\\\/uploads\\\/2023\\\/08\\\/Image-10-2.jpg\",\"meta\":\"Administrateur\",\"title\":\"David Dew\\u00e9\"}},{\"type\":\"grid_item\",\"props\":{\"content\":\"\n\n<p>Assistante de direction, primesauti\\u00e8re et dancing queen<\\\/p>\",\"image\":\"wp-content\\\/uploads\\\/2023\\\/08\\\/Image-11-2.jpg\",\"meta\":\"Administratrice\",\"title\":\"Anne-Pascale Seron\"}},{\"type\":\"grid_item\",\"props\":{\"content\":\"\n\n<p>Touche-\\u00e0-tout geek et \\u00e9pist\\u00e9mophile<\\\/p>\",\"image\":\"wp-content\\\/uploads\\\/2023\\\/08\\\/Image-12-2.jpg\",\"meta\":\"Administratrice\",\"title\":\"Brigitte Vandermeer\"}}]}]}]}]},{\"name\":\"Footer\",\"type\":\"section\",\"props\":{\"animation\":\"fade\",\"image_position\":\"center-center\",\"image_size\":\"cover\",\"padding_remove_bottom\":false,\"style\":\"primary\",\"title_breakpoint\":\"xl\",\"title_position\":\"top-left\",\"title_rotation\":\"left\",\"vertical_align\":\"\",\"width\":\"large\"},\"children\":[{\"type\":\"row\",\"props\":{\"layout\":\"2-5,1-5,1-5,1-5|1-1,1-3,1-3,1-3\",\"row_gap\":\"large\"},\"children\":[{\"type\":\"column\",\"props\":{\"image_position\":\"center-center\",\"position_sticky_breakpoint\":\"m\",\"width_medium\":\"2-5\",\"width_small\":\"1-1\"}},{\"type\":\"column\",\"props\":{\"image_position\":\"center-center\",\"position_sticky_breakpoint\":\"m\",\"width_default\":\"1-2\",\"width_medium\":\"1-5\",\"width_small\":\"1-3\"}},{\"type\":\"column\",\"props\":{\"image_position\":\"center-center\",\"position_sticky_breakpoint\":\"m\",\"width_default\":\"1-2\",\"width_medium\":\"1-5\",\"width_small\":\"1-3\"}},{\"type\":\"column\",\"props\":{\"image_position\":\"center-center\",\"position_sticky_breakpoint\":\"m\",\"width_medium\":\"1-5\",\"width_small\":\"1-3\"},\"children\":[{\"type\":\"totop\",\"props\":{\"margin\":\"default\",\"title_grid_column_gap\":\"small\",\"title_grid_row_gap\":\"small\"}}]}]},{\"type\":\"row\",\"props\":{\"layout\":\"2-5,1-5,1-5,1-5|1-1,1-3,1-3,1-3\",\"row_gap\":\"large\"},\"children\":[{\"type\":\"column\",\"props\":{\"image_position\":\"center-center\",\"position_sticky_breakpoint\":\"m\",\"width_medium\":\"2-5\",\"width_small\":\"1-1\"},\"children\":[{\"type\":\"image\",\"props\":{\"animation\":\"slide-top-small\",\"image\":\"wp-content\\\/uploads\\\/2023\\\/08\\\/logo-inverse.png\",\"image_alt\":\"CoopERLiC\",\"image_svg_color\":\"primary\",\"image_svg_inline\":true,\"image_width\":\"150\",\"link\":\"#\",\"margin\":\"default\",\"text_align\":\"left\"}},{\"type\":\"text\",\"props\":{\"column_breakpoint\":\"m\",\"content\":\"\n\n<p><span>CoopERLiC SCES agr\\u00e9\\u00e9e \\u2013 Coop\\u00e9rative d'\\u00c9neRgie Li\\u00e9geoise Citoyenne<\\\/span><\\\/p>\",\"margin\":\"default\",\"maxwidth\":\"medium\",\"maxwidth_breakpoint\":\"m\",\"text_align\":\"left\"}},{\"type\":\"divider\",\"props\":{\"divider_element\":\"hr\",\"divider_style\":\"small\"}},{\"type\":\"text\",\"props\":{\"column_breakpoint\":\"m\",\"content\":\"\n\n<p><span>Rue des Bayards, 67, 4000 Li\\u00e8ge<br \\\/>info@cooperlic.be<br \\\/>0476\\\/89 21 78<br \\\/>Date de cr\\u00e9ation : 15 janvier 2021<\\\/span><\\\/p>\",\"margin\":\"default\",\"maxwidth\":\"medium\",\"maxwidth_breakpoint\":\"m\",\"text_align\":\"left\"}}]},{\"type\":\"column\",\"props\":{\"image_position\":\"center-center\",\"position_sticky_breakpoint\":\"m\",\"width_default\":\"1-2\",\"width_medium\":\"1-5\",\"width_small\":\"1-3\"},\"children\":[{\"type\":\"headline\",\"props\":{\"content\":\"Cooperative\",\"text_align\":\"left\",\"title_color\":\"success\",\"title_element\":\"h3\",\"title_style\":\"h6\"}},{\"type\":\"list\",\"props\":{\"column_breakpoint\":\"m\",\"image_align\":\"left\",\"image_svg_color\":\"emphasis\",\"image_vertical_align\":true,\"link_style\":\"text\",\"list_element\":\"ul\",\"list_horizontal_separator\":\", \",\"list_type\":\"vertical\",\"show_image\":true,\"show_link\":true,\"text_align\":\"left\"},\"children\":[{\"type\":\"list_item\",\"props\":{\"content\":\"\n\n<p>Notre raison d'\\u00eatre<\\\/p>\",\"link\":\"#\"}},{\"type\":\"list_item\",\"props\":{\"content\":\"\n\n<p>Notre \\u00e9quipe<\\\/p>\",\"link\":\"#\"}},{\"type\":\"list_item\",\"props\":{\"content\":\"\n\n<p>Devenez Coop\\u00e9rateur<\\\/p>\",\"link\":\"#\"}},{\"type\":\"list_item\",\"props\":{\"content\":\"\n\n<p>On parle de nous<\\\/p>\",\"link\":\"#\"}}]}]},{\"type\":\"column\",\"props\":{\"image_position\":\"center-center\",\"position_sticky_breakpoint\":\"m\",\"width_default\":\"1-2\",\"width_medium\":\"1-5\",\"width_small\":\"1-3\"},\"children\":[{\"type\":\"headline\",\"props\":{\"content\":\"Services\",\"text_align\":\"left\",\"title_color\":\"success\",\"title_element\":\"h3\",\"title_style\":\"h6\"}},{\"type\":\"list\",\"props\":{\"column_breakpoint\":\"m\",\"image_align\":\"left\",\"image_svg_color\":\"emphasis\",\"image_vertical_align\":true,\"link_style\":\"text\",\"list_element\":\"ul\",\"list_horizontal_separator\":\", \",\"list_type\":\"vertical\",\"show_image\":true,\"show_link\":true,\"text_align\":\"left\"},\"children\":[{\"type\":\"list_item\",\"props\":{\"content\":\"\n\n<p>Conseiller<\\\/p>\",\"link\":\"#\"}},{\"type\":\"list_item\",\"props\":{\"content\":\"\n\n<p>Tiers-investisseur<\\\/p>\",\"link\":\"#\"}}]}]},{\"type\":\"column\",\"props\":{\"image_position\":\"center-center\",\"position_sticky_breakpoint\":\"m\",\"width_medium\":\"1-5\",\"width_small\":\"1-3\"},\"children\":[{\"type\":\"headline\",\"props\":{\"content\":\"Pour qui ?\",\"text_align\":\"left\",\"title_color\":\"success\",\"title_element\":\"h3\",\"title_style\":\"h6\"}},{\"type\":\"list\",\"props\":{\"column_breakpoint\":\"m\",\"image_align\":\"left\",\"image_svg_color\":\"emphasis\",\"image_vertical_align\":true,\"link_style\":\"text\",\"list_element\":\"ul\",\"list_horizontal_separator\":\", \",\"list_type\":\"vertical\",\"show_image\":true,\"show_link\":true,\"text_align\":\"left\"},\"children\":[{\"type\":\"list_item\",\"props\":{\"content\":\"\n\n<p>Copropri\\u00e9t\\u00e9<\\\/p>\",\"link\":\"#\"}},{\"type\":\"list_item\",\"props\":{\"content\":\"\n\n<p>Habitat group\\u00e9<\\\/p>\",\"link\":\"mailto:info@example.com\"}},{\"type\":\"list_item\",\"props\":{\"content\":\"\n\n<p>Pouvoir public<\\\/p>\",\"link\":\"#\"}},{\"type\":\"list_item\",\"props\":{\"content\":\"\n\n<p>Entreprise<\\\/p>\",\"link\":\"#\"}},{\"type\":\"list_item\",\"props\":{\"content\":\"\n\n<p>Citoyen<\\\/p>\",\"link\":\"#\"}}]}]}]},{\"type\":\"row\",\"props\":{\"layout\":\"2-5,1-5,1-5,1-5|1-1,1-3,1-3,1-3\"},\"children\":[{\"type\":\"column\",\"props\":{\"image_position\":\"center-center\",\"position_sticky_breakpoint\":\"m\",\"width_medium\":\"2-5\",\"width_small\":\"1-1\"},\"children\":[{\"type\":\"text\",\"props\":{\"column_breakpoint\":\"m\",\"content\":\"\n\n<p><span>TVA 0761.645.879<br \\\/>IBAN BE53 1030 7113 8353<br \\\/>BIC NICABEBB<br \\\/><\\\/span><\\\/p>\",\"margin\":\"default\",\"maxwidth\":\"medium\",\"maxwidth_breakpoint\":\"m\",\"text_align\":\"left\",\"text_style\":\"small\"}}]},{\"type\":\"column\",\"props\":{\"image_position\":\"center-center\",\"position_sticky_breakpoint\":\"m\",\"width_medium\":\"1-5\",\"width_small\":\"1-3\"},\"children\":[{\"type\":\"text\",\"props\":{\"column_breakpoint\":\"m\",\"content\":\"\n\n<p><span>Membre de Rescoop Wallonie\\u00a0<br \\\/>\\n    <a href=\\\"https:\\\/\\\/www.rescoop-wallonie.be\\\/\\\" target =\\\"_blank\\\"><img src=\\\"wp-content\\\/uploads\\\/2023\\\/08\\\/REScoop-Wallonie-logo-footer2.png\\\" \\\/><\\\/a><\\\/span><\\\/p>\",\"margin\":\"default\",\"maxwidth\":\"medium\",\"maxwidth_breakpoint\":\"m\",\"text_align\":\"left\",\"text_style\":\"small\"}}]},{\"type\":\"column\",\"props\":{\"image_position\":\"center-center\",\"position_sticky_breakpoint\":\"m\",\"width_medium\":\"1-5\",\"width_small\":\"1-3\"},\"children\":[{\"type\":\"text\",\"props\":{\"column_breakpoint\":\"m\",\"content\":\"\n\n<p><span>Avec la participation de la R\\u00e9gion Wallonne\\u00a0 <br \\\/><a href=\\\"https:\\\/\\\/www.wallonie.be\\\/fr\\\/\\\" target=\\\"_blank\\\" rel=\\\"noopener\\\"><img src=\\\"wp-content\\\/uploads\\\/2023\\\/08\\\/logo-wallonie-small.png\\\" \\\/><\\\/a><\\\/span><\\\/p>\",\"margin\":\"default\",\"maxwidth\":\"medium\",\"maxwidth_breakpoint\":\"m\",\"text_align\":\"left\",\"text_style\":\"small\"}}]},{\"type\":\"column\",\"props\":{\"image_position\":\"center-center\",\"position_sticky_breakpoint\":\"m\",\"width_medium\":\"1-5\",\"width_small\":\"1-3\"}}]}]},{\"type\":\"section\",\"props\":{\"image_position\":\"center-center\",\"padding\":\"small\",\"style\":\"primary\",\"title_breakpoint\":\"xl\",\"title_position\":\"top-left\",\"title_rotation\":\"left\",\"vertical_align\":\"\",\"width\":\"\"},\"children\":[{\"type\":\"row\",\"children\":[{\"type\":\"column\",\"props\":{\"image_position\":\"center-center\",\"position_sticky_breakpoint\":\"m\"},\"children\":[{\"type\":\"divider\",\"props\":{\"divider_element\":\"hr\"}}]}]},{\"type\":\"row\",\"props\":{\"layout\":\"1-2,1-2\",\"vertical_align\":true,\"width\":\"large\"},\"children\":[{\"type\":\"column\",\"props\":{\"image_position\":\"center-center\",\"position_sticky_breakpoint\":\"m\",\"vertical_align\":\"middle\",\"width_medium\":\"1-2\"},\"children\":[{\"type\":\"social\",\"props\":{\"animation\":\"slide-right-small\",\"grid\":\"horizontal\",\"grid_column_gap\":\"small\",\"grid_gap\":\"small\",\"grid_row_gap\":\"small\",\"icon_width\":\"16\",\"image_height\":\"16\",\"image_svg_inline\":true,\"image_width\":\"16\",\"inline_align\":\"right\",\"link_style\":\"\",\"link_target\":true,\"margin\":\"remove-vertical\",\"text_align\":\"right\",\"text_align_breakpoint\":\"m\",\"text_align_fallback\":\"center\"},\"children\":[{\"type\":\"social_item\",\"props\":{\"link\":\"https:\\\/\\\/twitter.com\\\/yootheme\"}},{\"type\":\"social_item\",\"props\":{\"link\":\"https:\\\/\\\/facebook.com\\\/yootheme\"}},{\"type\":\"social_item\",\"props\":{\"link\":\"https:\\\/\\\/www.instagram.com\\\/\"}},{\"type\":\"social_item\",\"props\":{\"link\":\"https:\\\/\\\/www.youtube.com\\\/channel\\\/UCScfGdEgRCOh9YJdpGu82eQ\"}}]}]},{\"type\":\"column\",\"props\":{\"image_position\":\"center-center\",\"order_first\":\"m\",\"position_sticky_breakpoint\":\"m\",\"vertical_align\":\"middle\",\"width_medium\":\"1-2\"},\"children\":[{\"type\":\"text\",\"props\":{\"column_breakpoint\":\"m\",\"content\":\"\n\n<p>\\u00a9 <script> document.currentScript.insertAdjacentHTML('afterend', '<time datetime=\\\"' + new Date().toJSON() + '\\\">' + new Intl.DateTimeFormat(document.documentElement.lang, {year: 'numeric'}).format() + '<\\\/time>');     <\\\/script>. Tous droits r\\u00e9serv\\u00e9s. Site r\\u00e9alis\\u00e9 par <a href=\\\"https:\\\/\\\/www.keywi-creativestudio.be\\\">Keywi Creative Studio srl<\\\/a>.\\u00a0<\\\/p>\",\"margin\":\"default\",\"text_align\":\"left\",\"text_align_breakpoint\":\"m\",\"text_align_fallback\":\"center\",\"text_color\":\"muted\",\"text_style\":\"small\"}}]}]}],\"name\":\"Copyright\"}],\"version\":\"4.4.4\"} --><\/p>\n","protected":false},"excerpt":{"rendered":"<p>Notre \u00e9quipe, c&rsquo;est vous \u2026 Mais aussi un travailleur et un organe d\u2019administration compos\u00e9 de 6 citoyen.ne.s (3 hommes et 3 femmes), aux profils divers et vari\u00e9s pour mieux appr\u00e9hender les d\u00e9fis techniques, financiers, sociaux. Ils\/Elles s\u2019investissent \u00e0 titre personnel et b\u00e9n\u00e9vole. Une \u00e9quipe multidisciplinaire pleine d&rsquo;\u00e9nergie. Nos profils sont divers et vari\u00e9s pour mieux [&hellip;]<\/p>\n","protected":false},"author":4,"featured_media":0,"parent":54,"menu_order":2,"comment_status":"closed","ping_status":"closed","template":"","meta":{"footnotes":""},"class_list":["post-57","page","type-page","status-publish","hentry"],"_links":{"self":[{"href":"https:\/\/test8899.cooperlic.be\/index.php\/wp-json\/wp\/v2\/pages\/57","targetHints":{"allow":["GET"]}}],"collection":[{"href":"https:\/\/test8899.cooperlic.be\/index.php\/wp-json\/wp\/v2\/pages"}],"about":[{"href":"https:\/\/test8899.cooperlic.be\/index.php\/wp-json\/wp\/v2\/types\/page"}],"author":[{"embeddable":true,"href":"https:\/\/test8899.cooperlic.be\/index.php\/wp-json\/wp\/v2\/users\/4"}],"replies":[{"embeddable":true,"href":"https:\/\/test8899.cooperlic.be\/index.php\/wp-json\/wp\/v2\/comments?post=57"}],"version-history":[{"count":19,"href":"https:\/\/test8899.cooperlic.be\/index.php\/wp-json\/wp\/v2\/pages\/57\/revisions"}],"predecessor-version":[{"id":614,"href":"https:\/\/test8899.cooperlic.be\/index.php\/wp-json\/wp\/v2\/pages\/57\/revisions\/614"}],"up":[{"embeddable":true,"href":"https:\/\/test8899.cooperlic.be\/index.php\/wp-json\/wp\/v2\/pages\/54"}],"wp:attachment":[{"href":"https:\/\/test8899.cooperlic.be\/index.php\/wp-json\/wp\/v2\/media?parent=57"}],"curies":[{"name":"wp","href":"https:\/\/api.w.org\/{rel}","templated":true}]}}