{"id":570,"date":"2024-06-25T14:45:28","date_gmt":"2024-06-25T12:45:28","guid":{"rendered":"https:\/\/test8899.cooperlic.be\/?page_id=570"},"modified":"2024-06-26T09:27:54","modified_gmt":"2024-06-26T07:27:54","slug":"juprelle","status":"publish","type":"page","link":"https:\/\/test8899.cooperlic.be\/index.php\/juprelle\/","title":{"rendered":"Juprelle"},"content":{"rendered":"<h1>Nos r\u00e9alisations<\/h1>\n<h1>\n<p><b>Eolienne de Juprelle \u2013 Production<\/b><\/p>\n<\/h1>\n<div>\n<p>L&rsquo;\u00e9olienne de Juprelle est un de nos premiers investissements. Afin de renforcer le d\u00e9marrage de CoopERLiC, HesbEnergie nous a propos\u00e9 de participer \u00e0 leur projet. Cela fait l\u2019objet d\u2019un beau partage d\u2019expertise. Merci \u00e0 eux. L\u2019\u00e9olienne se situe route de Glons \u00e0 Juprelle.<\/p>\n<\/div>\n<p><img decoding=\"async\" src=\"\/wp-content\/uploads\/2024\/06\/juprelle2-scaled.jpg\" alt=\"\"><br \/>\n<img decoding=\"async\" src=\"\/wp-content\/uploads\/2024\/06\/juprelle.jpg\" alt=\"\"><\/p>\n<ul>\n<li>\n<p>        <img decoding=\"async\" src=\"\/wp-content\/uploads\/2024\/06\/91EC7526-545F-41C5-AD64-AB4B3DE30756_1_105_c.jpeg\" alt=\"\"><\/p>\n<h3>91EC7526-545F-41C5-AD64-AB4B3DE30756_1_105_c<\/h3>\n<\/li>\n<li>\n<p>        <img decoding=\"async\" src=\"\/wp-content\/uploads\/2024\/06\/Carte-eolienne-aux-vents-de-Liege.png\" alt=\"\"><\/p>\n<h3>Carte eolienne aux vents de Lie\u0300ge<\/h3>\n<\/li>\n<li>\n<p>        <img decoding=\"async\" src=\"\/wp-content\/uploads\/2024\/06\/Eolienne-Juprelle-1-1.jpg\" alt=\"\"><\/p>\n<h3>Eolienne Juprelle 1 (1)<\/h3>\n<\/li>\n<li>\n<p>        <img decoding=\"async\" src=\"\/wp-content\/uploads\/2024\/06\/Eolienne-Juprelle-4.jpg\" alt=\"\"><\/p>\n<h3>Eolienne Juprelle 4<\/h3>\n<\/li>\n<li>\n<p>        <img decoding=\"async\" src=\"\/wp-content\/uploads\/2024\/06\/IMG_9520-scaled.jpg\" alt=\"\"><\/p>\n<h3>IMG_9520<\/h3>\n<\/li>\n<li>\n<p>        <img decoding=\"async\" src=\"\/wp-content\/uploads\/2024\/06\/IMG_9528-scaled.jpg\" alt=\"\"><\/p>\n<h3>IMG_9528<\/h3>\n<\/li>\n<li>\n<p>        <img decoding=\"async\" src=\"\/wp-content\/uploads\/2024\/06\/IMG_9542-scaled.jpg\" alt=\"\"><\/p>\n<h3>IMG_9542<\/h3>\n<\/li>\n<\/ul>\n<p><!--more--><br \/>\n<!-- {\"type\":\"layout\",\"children\":[{\"name\":\"R\\u00e9alisation\",\"type\":\"section\",\"props\":{\"image_position\":\"center-center\",\"padding\":\"large\",\"style\":\"secondary\",\"title_breakpoint\":\"xl\",\"title_position\":\"top-left\",\"title_rotation\":\"left\",\"vertical_align\":\"\",\"width\":\"xlarge\"},\"children\":[{\"type\":\"row\",\"children\":[{\"type\":\"column\",\"props\":{\"image_position\":\"center-center\",\"position_sticky_breakpoint\":\"m\"},\"children\":[{\"type\":\"headline\",\"props\":{\"content\":\"Nos r\\u00e9alisations\",\"text_align\":\"left\",\"title_color\":\"success\",\"title_decoration\":\"bullet\",\"title_element\":\"h1\"}}]}]},{\"type\":\"row\",\"children\":[{\"type\":\"column\",\"props\":{\"image_position\":\"center-center\",\"position_sticky_breakpoint\":\"m\",\"width_medium\":\"1-2\"},\"children\":[{\"type\":\"headline\",\"props\":{\"content\":\"\n\n<p><b>Eolienne de Juprelle \\u2013 Production<\\\/b><\\\/p>\",\"text_align\":\"left\",\"title_element\":\"h1\",\"title_font_family\":\"secondary\",\"title_style\":\"h3\"}},{\"type\":\"text\",\"props\":{\"block_align\":\"center\",\"column_breakpoint\":\"m\",\"content\":\"\n\n<p>L'\\u00e9olienne de Juprelle est un de nos premiers investissements. Afin de renforcer le d\\u00e9marrage de CoopERLiC, HesbEnergie nous a propos\\u00e9 de participer \\u00e0 leur projet. Cela fait l\\u2019objet d\\u2019un beau partage d\\u2019expertise. Merci \\u00e0 eux. L\\u2019\\u00e9olienne se situe route de Glons \\u00e0 Juprelle.<\\\/p>\",\"margin\":\"default\",\"maxwidth\":\"xlarge\",\"text_align\":\"left\"}}]},{\"type\":\"column\",\"props\":{\"image_position\":\"center-center\",\"position_sticky_breakpoint\":\"m\",\"width_medium\":\"1-2\"},\"children\":[{\"type\":\"image\",\"props\":{\"image\":\"wp-content\\\/uploads\\\/2024\\\/06\\\/juprelle2-scaled.jpg\",\"image_svg_color\":\"emphasis\",\"margin\":\"default\"}}]}],\"props\":{\"layout\":\"1-2,1-2\"}},{\"type\":\"row\",\"children\":[{\"type\":\"column\",\"props\":{\"image_position\":\"center-center\",\"position_sticky_breakpoint\":\"m\"},\"children\":[{\"type\":\"image\",\"props\":{\"image\":\"wp-content\\\/uploads\\\/2024\\\/06\\\/juprelle.jpg\",\"image_svg_color\":\"emphasis\",\"margin\":\"default\",\"text_align\":\"center\"}}]}]},{\"type\":\"row\",\"children\":[{\"type\":\"column\",\"props\":{\"image_position\":\"center-center\",\"position_sticky_breakpoint\":\"m\"},\"children\":[{\"type\":\"gallery\",\"props\":{\"filter_align\":\"left\",\"filter_all\":true,\"filter_grid_breakpoint\":\"m\",\"filter_grid_width\":\"auto\",\"filter_position\":\"top\",\"filter_style\":\"tab\",\"grid_default\":\"1\",\"grid_masonry\":\"next\",\"grid_medium\":\"3\",\"item_animation\":true,\"link_style\":\"default\",\"link_text\":\"Read more\",\"margin\":\"default\",\"meta_align\":\"below-title\",\"meta_element\":\"div\",\"meta_style\":\"text-meta\",\"overlay_hover\":true,\"overlay_mode\":\"cover\",\"overlay_position\":\"center\",\"overlay_style\":\"overlay-primary\",\"overlay_transition\":\"fade\",\"show_content\":true,\"show_hover_image\":true,\"show_hover_video\":true,\"show_link\":true,\"show_meta\":true,\"show_title\":false,\"text_align\":\"center\",\"text_color\":\"light\",\"title_element\":\"h3\",\"title_hover_style\":\"reset\"},\"children\":[{\"type\":\"gallery_item\",\"props\":{\"image\":\"wp-content\\\/uploads\\\/2024\\\/06\\\/91EC7526-545F-41C5-AD64-AB4B3DE30756_1_105_c.jpeg\",\"title\":\"91EC7526-545F-41C5-AD64-AB4B3DE30756_1_105_c\"}},{\"type\":\"gallery_item\",\"props\":{\"image\":\"wp-content\\\/uploads\\\/2024\\\/06\\\/Carte-eolienne-aux-vents-de-Liege.png\",\"title\":\"Carte eolienne aux vents de Lie\\u0300ge\"}},{\"type\":\"gallery_item\",\"props\":{\"image\":\"wp-content\\\/uploads\\\/2024\\\/06\\\/Eolienne-Juprelle-1-1.jpg\",\"title\":\"Eolienne Juprelle 1 (1)\"}},{\"type\":\"gallery_item\",\"props\":{\"image\":\"wp-content\\\/uploads\\\/2024\\\/06\\\/Eolienne-Juprelle-4.jpg\",\"title\":\"Eolienne Juprelle 4\"}},{\"type\":\"gallery_item\",\"props\":{\"image\":\"wp-content\\\/uploads\\\/2024\\\/06\\\/IMG_9520-scaled.jpg\",\"title\":\"IMG_9520\"}},{\"type\":\"gallery_item\",\"props\":{\"image\":\"wp-content\\\/uploads\\\/2024\\\/06\\\/IMG_9528-scaled.jpg\",\"title\":\"IMG_9528\"}},{\"type\":\"gallery_item\",\"props\":{\"image\":\"wp-content\\\/uploads\\\/2024\\\/06\\\/IMG_9542-scaled.jpg\",\"title\":\"IMG_9542\"}}]}]}]}]}],\"version\":\"4.4.4\"} --><\/p>\n","protected":false},"excerpt":{"rendered":"<p>Nos r\u00e9alisations Eolienne de Juprelle \u2013 Production L&rsquo;\u00e9olienne de Juprelle est un de nos premiers investissements. Afin de renforcer le d\u00e9marrage de CoopERLiC, HesbEnergie nous a propos\u00e9 de participer \u00e0 leur projet. Cela fait l\u2019objet d\u2019un beau partage d\u2019expertise. Merci \u00e0 eux. L\u2019\u00e9olienne se situe route de Glons \u00e0 Juprelle. 91EC7526-545F-41C5-AD64-AB4B3DE30756_1_105_c Carte eolienne aux vents [&hellip;]<\/p>\n","protected":false},"author":4,"featured_media":0,"parent":0,"menu_order":0,"comment_status":"closed","ping_status":"closed","template":"","meta":{"footnotes":""},"class_list":["post-570","page","type-page","status-publish","hentry"],"_links":{"self":[{"href":"https:\/\/test8899.cooperlic.be\/index.php\/wp-json\/wp\/v2\/pages\/570","targetHints":{"allow":["GET"]}}],"collection":[{"href":"https:\/\/test8899.cooperlic.be\/index.php\/wp-json\/wp\/v2\/pages"}],"about":[{"href":"https:\/\/test8899.cooperlic.be\/index.php\/wp-json\/wp\/v2\/types\/page"}],"author":[{"embeddable":true,"href":"https:\/\/test8899.cooperlic.be\/index.php\/wp-json\/wp\/v2\/users\/4"}],"replies":[{"embeddable":true,"href":"https:\/\/test8899.cooperlic.be\/index.php\/wp-json\/wp\/v2\/comments?post=570"}],"version-history":[{"count":4,"href":"https:\/\/test8899.cooperlic.be\/index.php\/wp-json\/wp\/v2\/pages\/570\/revisions"}],"predecessor-version":[{"id":628,"href":"https:\/\/test8899.cooperlic.be\/index.php\/wp-json\/wp\/v2\/pages\/570\/revisions\/628"}],"wp:attachment":[{"href":"https:\/\/test8899.cooperlic.be\/index.php\/wp-json\/wp\/v2\/media?parent=570"}],"curies":[{"name":"wp","href":"https:\/\/api.w.org\/{rel}","templated":true}]}}