{"id":572,"date":"2024-06-25T14:45:38","date_gmt":"2024-06-25T12:45:38","guid":{"rendered":"https:\/\/test8899.cooperlic.be\/?page_id=572"},"modified":"2024-06-26T09:44:58","modified_gmt":"2024-06-26T07:44:58","slug":"prehistomuseum","status":"publish","type":"page","link":"https:\/\/test8899.cooperlic.be\/index.php\/prehistomuseum\/","title":{"rendered":"Prehistomuseum"},"content":{"rendered":"<h1>Nos r\u00e9alisations<\/h1>\n<h1>\n<p><b>Le Pr\u00e9histomuseum \u2013 Production en tiers-payant<\/b><\/p>\n<\/h1>\n<div>\n<p>Le Pr\u00e9histomuseum, nich\u00e9 \u00e0 Fl\u00e9malle pr\u00e8s de Li\u00e8ge, en bord de la Meuse, abrite plus d\u2019un million d\u2019objets arch\u00e9ologiques. Leur conservation \u00e0 une temp\u00e9rature et un taux d\u2019humidit\u00e9 constants entra\u00eene une importante consommation d\u2019\u00e9nergie, co\u00fbteuse tant sur le plan financier qu\u2019environnemental. L\u2019id\u00e9e a donc \u00e9merg\u00e9 d\u2019installer des panneaux solaires sur l\u2019imposant toit du b\u00e2timent.<\/p>\n<p>Pour voir le jour, ce projet a requis la collaboration de trois acteurs de l\u2019\u00e9conomie sociale\u00a0: le Mus\u00e9e bien s\u00fbr, mais aussi CoopERLiC et W.ALTER, le partenaire financier des projets d\u2019\u00e9conomie sociale et coop\u00e9rative en Wallonie.<\/p>\n<p>Concr\u00e8tement, CoopERLiC a financ\u00e9 l\u2019installation des panneaux solaires (co\u00fbt\u00a0: 130.000 euros) \u2013 pour moiti\u00e9 sur fonds propres, pour l\u2019autre moiti\u00e9 gr\u00e2ce \u00e0 un emprunt souscrit aupr\u00e8s de W.ALTER.<\/p>\n<p>Op\u00e9rationnels depuis peu, ces panneaux solaires vont produire quelque 140.000 kWh\/an, ce qui correspond \u00e0 la consommation annuelle de 40 m\u00e9nages \u00ab\u00a0types\u00a0\u00bb et vont permettre de couvrir environ 65% des besoins en \u00e9nergie du Mus\u00e9e. CoopERLiC, va assurer les services li\u00e9s \u00e0 l\u2019existence des panneaux (interventions en cas de panne, entretien des panneaux, etc.), et restera propri\u00e9taire de ceux-ci durant les dix prochaines ann\u00e9es. Le Mus\u00e9e, de son c\u00f4t\u00e9, lui versera une redevance qui permet \u00e0 la coop\u00e9rative de rembourser le pr\u00eat souscrit aupr\u00e8s de W.ALTER. Cette triangulation et la fa\u00e7on dont les trois parties ont chemin\u00e9 ensemble, refl\u00e8tent v\u00e9ritablement l\u2019\u00e2me de l\u2019\u00e9conomie sociale, ses valeurs, sa raison d\u2019\u00eatre.<\/p>\n<\/div>\n<p><img decoding=\"async\" src=\"\/wp-content\/uploads\/2024\/06\/prehisto-1-scaled.jpg\" alt=\"\"><br \/>\n<img decoding=\"async\" src=\"\/wp-content\/uploads\/2024\/06\/prehisto.jpg\" alt=\"\"><\/p>\n<ul>\n<li>\n<p>        <img decoding=\"async\" src=\"\/wp-content\/uploads\/2024\/06\/IMG_20230407_125201-scaled.jpg\" alt=\"\"><\/p>\n<h3>IMG_20230407_125201<\/h3>\n<\/li>\n<li>\n<p>        <img decoding=\"async\" src=\"\/wp-content\/uploads\/2024\/06\/IMG_20230731_112513-scaled.jpg\" alt=\"\"><\/p>\n<h3>IMG_20230731_112513<\/h3>\n<\/li>\n<li>\n<p>        <img decoding=\"async\" src=\"\/wp-content\/uploads\/2024\/06\/IMG_20230731_112711-scaled.jpg\" alt=\"\"><\/p>\n<h3>IMG_20230731_112711<\/h3>\n<\/li>\n<li>\n<p>        <img decoding=\"async\" src=\"\/wp-content\/uploads\/2024\/06\/IMG_20230731_114732-scaled.jpg\" alt=\"\"><\/p>\n<h3>IMG_20230731_114732<\/h3>\n<\/li>\n<li>\n<p>        <img decoding=\"async\" src=\"\/wp-content\/uploads\/2024\/06\/IMG_20230731_1249391-scaled.jpg\" alt=\"\"><\/p>\n<h3>IMG_20230731_124939[1]<\/h3>\n<\/li>\n<li>\n<p>        <img decoding=\"async\" src=\"\/wp-content\/uploads\/2024\/06\/IMG_20230801_085121-scaled.jpg\" alt=\"\"><\/p>\n<h3>IMG_20230801_085121<\/h3>\n<\/li>\n<li>\n<p>        <img decoding=\"async\" src=\"\/wp-content\/uploads\/2024\/06\/IMG_20230801_085232-scaled.jpg\" alt=\"\"><\/p>\n<h3>IMG_20230801_085232<\/h3>\n<\/li>\n<li>\n<p>        <img decoding=\"async\" src=\"\/wp-content\/uploads\/2024\/06\/IMG_20230801_085515-scaled.jpg\" alt=\"\"><\/p>\n<h3>IMG_20230801_085515<\/h3>\n<\/li>\n<li>\n<p>        <img decoding=\"async\" src=\"\/wp-content\/uploads\/2024\/06\/IMG_20230801_085726-scaled.jpg\" alt=\"\"><\/p>\n<h3>IMG_20230801_085726<\/h3>\n<\/li>\n<li>\n<p>        <img decoding=\"async\" src=\"\/wp-content\/uploads\/2024\/06\/IMG_20230801_100458-scaled.jpg\" alt=\"\"><\/p>\n<h3>IMG_20230801_100458<\/h3>\n<\/li>\n<li>\n<p>        <img decoding=\"async\" src=\"\/wp-content\/uploads\/2024\/06\/IMG_20230801_100707-scaled.jpg\" alt=\"\"><\/p>\n<h3>IMG_20230801_100707<\/h3>\n<\/li>\n<li>\n<p>        <img decoding=\"async\" src=\"\/wp-content\/uploads\/2024\/06\/PREHISTOMUSEUM_panneaux_photovoltaiques.jpg\" alt=\"\"><\/p>\n<h3>PREHISTOMUSEUM_panneaux_photovoltai\u0308ques<\/h3>\n<\/li>\n<li>\n<p>        <img decoding=\"async\" src=\"\/wp-content\/uploads\/2024\/06\/Prehistomuseum.jpg\" alt=\"\"><\/p>\n<h3>Pre\u0301histomuseum<\/h3>\n<\/li>\n<\/ul>\n<p><!--more--><br \/>\n<!-- {\"type\":\"layout\",\"children\":[{\"name\":\"R\\u00e9alisation\",\"type\":\"section\",\"props\":{\"image_position\":\"center-center\",\"padding\":\"large\",\"style\":\"secondary\",\"title_breakpoint\":\"xl\",\"title_position\":\"top-left\",\"title_rotation\":\"left\",\"vertical_align\":\"\",\"width\":\"xlarge\"},\"children\":[{\"type\":\"row\",\"children\":[{\"type\":\"column\",\"props\":{\"image_position\":\"center-center\",\"position_sticky_breakpoint\":\"m\"},\"children\":[{\"type\":\"headline\",\"props\":{\"content\":\"Nos r\\u00e9alisations\",\"text_align\":\"left\",\"title_color\":\"success\",\"title_decoration\":\"bullet\",\"title_element\":\"h1\"}}]}]},{\"type\":\"row\",\"children\":[{\"type\":\"column\",\"props\":{\"image_position\":\"center-center\",\"position_sticky_breakpoint\":\"m\",\"width_medium\":\"1-2\"},\"children\":[{\"type\":\"headline\",\"props\":{\"content\":\"\n\n<p><b>Le Pr\\u00e9histomuseum \\u2013 Production en tiers-payant<\\\/b><\\\/p>\",\"text_align\":\"left\",\"title_element\":\"h1\",\"title_font_family\":\"secondary\",\"title_style\":\"h3\"}},{\"type\":\"text\",\"props\":{\"block_align\":\"center\",\"column_breakpoint\":\"m\",\"content\":\"\n\n<p>Le Pr\\u00e9histomuseum, nich\\u00e9 \\u00e0 Fl\\u00e9malle pr\\u00e8s de Li\\u00e8ge, en bord de la Meuse, abrite plus d\\u2019un million d\\u2019objets arch\\u00e9ologiques. Leur conservation \\u00e0 une temp\\u00e9rature et un taux d\\u2019humidit\\u00e9 constants entra\\u00eene une importante consommation d\\u2019\\u00e9nergie, co\\u00fbteuse tant sur le plan financier qu\\u2019environnemental. L\\u2019id\\u00e9e a donc \\u00e9merg\\u00e9 d\\u2019installer des panneaux solaires sur l\\u2019imposant toit du b\\u00e2timent.<\\\/p>\\n\n\n<p>Pour voir le jour, ce projet a requis la collaboration de trois acteurs de l\\u2019\\u00e9conomie sociale\\u00a0: le Mus\\u00e9e bien s\\u00fbr, mais aussi CoopERLiC et W.ALTER, le partenaire financier des projets d\\u2019\\u00e9conomie sociale et coop\\u00e9rative en Wallonie.<\\\/p>\\n\n\n<p>Concr\\u00e8tement, CoopERLiC a financ\\u00e9 l\\u2019installation des panneaux solaires (co\\u00fbt\\u00a0: 130.000 euros) \\u2013 pour moiti\\u00e9 sur fonds propres, pour l\\u2019autre moiti\\u00e9 gr\\u00e2ce \\u00e0 un emprunt souscrit aupr\\u00e8s de W.ALTER.<\\\/p>\\n\n\n<p>Op\\u00e9rationnels depuis peu, ces panneaux solaires vont produire quelque 140.000 kWh\\\/an, ce qui correspond \\u00e0 la consommation annuelle de 40 m\\u00e9nages \\u00ab\\u00a0types\\u00a0\\u00bb et vont permettre de couvrir environ 65% des besoins en \\u00e9nergie du Mus\\u00e9e. CoopERLiC, va assurer les services li\\u00e9s \\u00e0 l\\u2019existence des panneaux (interventions en cas de panne, entretien des panneaux, etc.), et restera propri\\u00e9taire de ceux-ci durant les dix prochaines ann\\u00e9es. Le Mus\\u00e9e, de son c\\u00f4t\\u00e9, lui versera une redevance qui permet \\u00e0 la coop\\u00e9rative de rembourser le pr\\u00eat souscrit aupr\\u00e8s de W.ALTER. Cette triangulation et la fa\\u00e7on dont les trois parties ont chemin\\u00e9 ensemble, refl\\u00e8tent v\\u00e9ritablement l\\u2019\\u00e2me de l\\u2019\\u00e9conomie sociale, ses valeurs, sa raison d\\u2019\\u00eatre.<\\\/p>\",\"margin\":\"default\",\"maxwidth\":\"xlarge\",\"text_align\":\"left\"}}]},{\"type\":\"column\",\"props\":{\"image_position\":\"center-center\",\"position_sticky_breakpoint\":\"m\",\"width_medium\":\"1-2\"},\"children\":[{\"type\":\"image\",\"props\":{\"image\":\"wp-content\\\/uploads\\\/2024\\\/06\\\/prehisto-1-scaled.jpg\",\"image_svg_color\":\"emphasis\",\"margin\":\"default\"}}]}],\"props\":{\"layout\":\"1-2,1-2\"}},{\"type\":\"row\",\"children\":[{\"type\":\"column\",\"props\":{\"image_position\":\"center-center\",\"position_sticky_breakpoint\":\"m\"},\"children\":[{\"type\":\"image\",\"props\":{\"image\":\"wp-content\\\/uploads\\\/2024\\\/06\\\/prehisto.jpg\",\"image_svg_color\":\"emphasis\",\"margin\":\"default\",\"text_align\":\"center\"}}]}]},{\"type\":\"row\",\"children\":[{\"type\":\"column\",\"props\":{\"image_position\":\"center-center\",\"position_sticky_breakpoint\":\"m\"},\"children\":[{\"type\":\"gallery\",\"props\":{\"filter_align\":\"left\",\"filter_all\":true,\"filter_grid_breakpoint\":\"m\",\"filter_grid_width\":\"auto\",\"filter_position\":\"top\",\"filter_style\":\"tab\",\"grid_default\":\"1\",\"grid_masonry\":\"next\",\"grid_medium\":\"3\",\"item_animation\":true,\"link_style\":\"default\",\"link_text\":\"Read more\",\"margin\":\"default\",\"meta_align\":\"below-title\",\"meta_element\":\"div\",\"meta_style\":\"text-meta\",\"overlay_hover\":true,\"overlay_mode\":\"cover\",\"overlay_position\":\"center\",\"overlay_style\":\"overlay-primary\",\"overlay_transition\":\"fade\",\"show_content\":true,\"show_hover_image\":true,\"show_hover_video\":true,\"show_link\":true,\"show_meta\":true,\"show_title\":false,\"text_align\":\"center\",\"text_color\":\"light\",\"title_element\":\"h3\",\"title_hover_style\":\"reset\"},\"children\":[{\"type\":\"gallery_item\",\"props\":{\"image\":\"wp-content\\\/uploads\\\/2024\\\/06\\\/IMG_20230407_125201-scaled.jpg\",\"title\":\"IMG_20230407_125201\"}},{\"type\":\"gallery_item\",\"props\":{\"image\":\"wp-content\\\/uploads\\\/2024\\\/06\\\/IMG_20230731_112513-scaled.jpg\",\"title\":\"IMG_20230731_112513\"}},{\"type\":\"gallery_item\",\"props\":{\"image\":\"wp-content\\\/uploads\\\/2024\\\/06\\\/IMG_20230731_112711-scaled.jpg\",\"title\":\"IMG_20230731_112711\"}},{\"type\":\"gallery_item\",\"props\":{\"image\":\"wp-content\\\/uploads\\\/2024\\\/06\\\/IMG_20230731_114732-scaled.jpg\",\"title\":\"IMG_20230731_114732\"}},{\"type\":\"gallery_item\",\"props\":{\"image\":\"wp-content\\\/uploads\\\/2024\\\/06\\\/IMG_20230731_1249391-scaled.jpg\",\"title\":\"IMG_20230731_124939[1]\"}},{\"type\":\"gallery_item\",\"props\":{\"image\":\"wp-content\\\/uploads\\\/2024\\\/06\\\/IMG_20230801_085121-scaled.jpg\",\"title\":\"IMG_20230801_085121\"}},{\"type\":\"gallery_item\",\"props\":{\"image\":\"wp-content\\\/uploads\\\/2024\\\/06\\\/IMG_20230801_085232-scaled.jpg\",\"title\":\"IMG_20230801_085232\"}},{\"type\":\"gallery_item\",\"props\":{\"image\":\"wp-content\\\/uploads\\\/2024\\\/06\\\/IMG_20230801_085515-scaled.jpg\",\"title\":\"IMG_20230801_085515\"}},{\"type\":\"gallery_item\",\"props\":{\"image\":\"wp-content\\\/uploads\\\/2024\\\/06\\\/IMG_20230801_085726-scaled.jpg\",\"title\":\"IMG_20230801_085726\"}},{\"type\":\"gallery_item\",\"props\":{\"image\":\"wp-content\\\/uploads\\\/2024\\\/06\\\/IMG_20230801_100458-scaled.jpg\",\"title\":\"IMG_20230801_100458\"}},{\"type\":\"gallery_item\",\"props\":{\"image\":\"wp-content\\\/uploads\\\/2024\\\/06\\\/IMG_20230801_100707-scaled.jpg\",\"title\":\"IMG_20230801_100707\"}},{\"type\":\"gallery_item\",\"props\":{\"image\":\"wp-content\\\/uploads\\\/2024\\\/06\\\/PREHISTOMUSEUM_panneaux_photovoltaiques.jpg\",\"title\":\"PREHISTOMUSEUM_panneaux_photovoltai\\u0308ques\"}},{\"type\":\"gallery_item\",\"props\":{\"image\":\"wp-content\\\/uploads\\\/2024\\\/06\\\/Prehistomuseum.jpg\",\"title\":\"Pre\\u0301histomuseum\"}}],\"name\":\"Galerie-r\\u00e9alisation\"}]}]}]}],\"version\":\"4.4.4\"} --><\/p>\n","protected":false},"excerpt":{"rendered":"<p>Nos r\u00e9alisations Le Pr\u00e9histomuseum \u2013 Production en tiers-payant Le Pr\u00e9histomuseum, nich\u00e9 \u00e0 Fl\u00e9malle pr\u00e8s de Li\u00e8ge, en bord de la Meuse, abrite plus d\u2019un million d\u2019objets arch\u00e9ologiques. Leur conservation \u00e0 une temp\u00e9rature et un taux d\u2019humidit\u00e9 constants entra\u00eene une importante consommation d\u2019\u00e9nergie, co\u00fbteuse tant sur le plan financier qu\u2019environnemental. L\u2019id\u00e9e a donc \u00e9merg\u00e9 d\u2019installer des [&hellip;]<\/p>\n","protected":false},"author":4,"featured_media":0,"parent":0,"menu_order":0,"comment_status":"closed","ping_status":"closed","template":"","meta":{"footnotes":""},"class_list":["post-572","page","type-page","status-publish","hentry"],"_links":{"self":[{"href":"https:\/\/test8899.cooperlic.be\/index.php\/wp-json\/wp\/v2\/pages\/572","targetHints":{"allow":["GET"]}}],"collection":[{"href":"https:\/\/test8899.cooperlic.be\/index.php\/wp-json\/wp\/v2\/pages"}],"about":[{"href":"https:\/\/test8899.cooperlic.be\/index.php\/wp-json\/wp\/v2\/types\/page"}],"author":[{"embeddable":true,"href":"https:\/\/test8899.cooperlic.be\/index.php\/wp-json\/wp\/v2\/users\/4"}],"replies":[{"embeddable":true,"href":"https:\/\/test8899.cooperlic.be\/index.php\/wp-json\/wp\/v2\/comments?post=572"}],"version-history":[{"count":4,"href":"https:\/\/test8899.cooperlic.be\/index.php\/wp-json\/wp\/v2\/pages\/572\/revisions"}],"predecessor-version":[{"id":666,"href":"https:\/\/test8899.cooperlic.be\/index.php\/wp-json\/wp\/v2\/pages\/572\/revisions\/666"}],"wp:attachment":[{"href":"https:\/\/test8899.cooperlic.be\/index.php\/wp-json\/wp\/v2\/media?parent=572"}],"curies":[{"name":"wp","href":"https:\/\/api.w.org\/{rel}","templated":true}]}}