{"id":75,"date":"2023-08-25T12:59:41","date_gmt":"2023-08-25T10:59:41","guid":{"rendered":"http:\/\/test8899.cooperlic.be\/?page_id=75"},"modified":"2024-01-09T14:38:55","modified_gmt":"2024-01-09T13:38:55","slug":"tiers-investisseur","status":"publish","type":"page","link":"https:\/\/test8899.cooperlic.be\/index.php\/nos-services\/tiers-investisseur\/","title":{"rendered":"Tiers-Investisseur"},"content":{"rendered":"<h2>Tiers-Investisseur<\/h2>\n<h2>\n<p><span>CoopERLiC aide des collectivit\u00e9s \u00e0 financer leur production d&rsquo;\u00e9nergie renouvelables lorsqu&rsquo;elles n&rsquo;ont pas droit \u00e0 d&rsquo;autre financements.<\/span><\/p>\n<p><span>\u00a0<\/span><\/p>\n<\/h2>\n<ul>\n<li>\n        <a href=\"\/index.php\/page\/\">Contactez-Nous<\/a>\n    <\/li>\n<li>\n        <a href=\"\/index.php\/realisations\/\">Nos r\u00e9alisations<\/a>\n    <\/li>\n<\/ul>\n<p><a href=\"#\"><img decoding=\"async\" src=\"\/wp-content\/uploads\/2023\/08\/logo-inverse.png\" alt=\"CoopERLiC\"><\/a><\/p>\n<div>\n<p><span>CoopERLiC SCES agr\u00e9\u00e9e \u2013 Coop\u00e9rative d&rsquo;\u00c9neRgie Li\u00e9geoise Citoyenne<\/span><\/p>\n<\/div>\n<hr>\n<div>\n<p><span>Rue des Bayards, 67, 4000 Li\u00e8ge<br \/>info@cooperlic.be<br \/>0476\/89 21 78<br \/>Date de cr\u00e9ation : 15 janvier 2021<\/span><\/p>\n<\/div>\n<h3>Cooperative<\/h3>\n<ul>\n<li>\n<p><a href=\"#\"><\/p>\n<p>Notre raison d&rsquo;\u00eatre<\/p>\n<p><\/a><\/p>\n<\/li>\n<li>\n<p><a href=\"#\"><\/p>\n<p>Notre \u00e9quipe<\/p>\n<p><\/a><\/p>\n<\/li>\n<li>\n<p><a href=\"#\"><\/p>\n<p>Devenez Coop\u00e9rateur<\/p>\n<p><\/a><\/p>\n<\/li>\n<li>\n<p><a href=\"#\"><\/p>\n<p>On parle de nous<\/p>\n<p><\/a><\/p>\n<\/li>\n<\/ul>\n<h3>Services<\/h3>\n<ul>\n<li>\n<p><a href=\"#\"><\/p>\n<p>Conseiller<\/p>\n<p><\/a><\/p>\n<\/li>\n<li>\n<p><a href=\"#\"><\/p>\n<p>Tiers-investisseur<\/p>\n<p><\/a><\/p>\n<\/li>\n<\/ul>\n<h3>Pour qui ?<\/h3>\n<ul>\n<li>\n<p><a href=\"#\"><\/p>\n<p>Copropri\u00e9t\u00e9<\/p>\n<p><\/a><\/p>\n<\/li>\n<li>\n<p><a href=\"mailto:info@example.com\"><\/p>\n<p>Habitat group\u00e9<\/p>\n<p><\/a><\/p>\n<\/li>\n<li>\n<p><a href=\"#\"><\/p>\n<p>Pouvoir public<\/p>\n<p><\/a><\/p>\n<\/li>\n<li>\n<p><a href=\"#\"><\/p>\n<p>Entreprise<\/p>\n<p><\/a><\/p>\n<\/li>\n<li>\n<p><a href=\"#\"><\/p>\n<p>Citoyen<\/p>\n<p><\/a><\/p>\n<\/li>\n<\/ul>\n<div>\n<p><span>TVA 0761.645.879<br \/>IBAN BE53 1030 7113 8353<br \/>BIC NICABEBB<br \/><\/span><\/p>\n<\/div>\n<div>\n<p><span>Membre de Rescoop Wallonie\u00a0<br \/>\n    <a href=\"https:\/\/www.rescoop-wallonie.be\/\" target =\"_blank\"><img decoding=\"async\" src=\"\/wp-content\/uploads\/2023\/08\/REScoop-Wallonie-logo-footer2.png\" \/><\/a><\/span><\/p>\n<\/div>\n<div>\n<p><span>Avec la participation de la R\u00e9gion Wallonne\u00a0 <br \/><a href=\"https:\/\/www.wallonie.be\/fr\/\" target=\"_blank\" rel=\"noopener\"><img decoding=\"async\" src=\"\/wp-content\/uploads\/2023\/08\/logo-wallonie-small.png\" \/><\/a><\/span><\/p>\n<\/div>\n<hr>\n<ul>\n<li><a href=\"https:\/\/twitter.com\/yootheme\">twitter<\/a>\n<\/li>\n<li><a href=\"https:\/\/facebook.com\/yootheme\">facebook<\/a>\n<\/li>\n<li><a href=\"https:\/\/www.instagram.com\/\">instagram<\/a>\n<\/li>\n<li><a href=\"https:\/\/www.youtube.com\/channel\/UCScfGdEgRCOh9YJdpGu82eQ\">youtube<\/a>\n<\/li>\n<\/ul>\n<div>\n<p>\u00a9 <script> document.currentScript.insertAdjacentHTML('afterend', '<time datetime=\"' + new Date().toJSON() + '\">' + new Intl.DateTimeFormat(document.documentElement.lang, {year: 'numeric'}).format() + '<\/time>');     <\/script>. Tous droits r\u00e9serv\u00e9s. Site r\u00e9alis\u00e9 par <a href=\"https:\/\/www.keywi-creativestudio.be\">Keywi Creative Studio srl<\/a>.\u00a0<\/p>\n<\/div>\n<p><!--more--><br \/>\n<!-- {\"type\":\"layout\",\"children\":[{\"type\":\"section\",\"props\":{\"image_position\":\"center-center\",\"style\":\"secondary\",\"title_breakpoint\":\"xl\",\"title_position\":\"top-left\",\"title_rotation\":\"left\",\"vertical_align\":\"middle\",\"width\":\"default\"},\"children\":[{\"type\":\"row\",\"children\":[{\"type\":\"column\",\"props\":{\"image_position\":\"center-center\",\"position_sticky_breakpoint\":\"m\"},\"children\":[{\"type\":\"headline\",\"props\":{\"content\":\"Tiers-Investisseur\",\"text_align\":\"center\",\"title_color\":\"success\",\"title_element\":\"h2\",\"title_font_family\":\"secondary\",\"title_style\":\"h1\"}},{\"type\":\"headline\",\"props\":{\"content\":\"\n\n<p><span>CoopERLiC aide des collectivit\\u00e9s \\u00e0 financer leur production d'\\u00e9nergie renouvelables lorsqu'elles n'ont pas droit \\u00e0 d'autre financements.<\\\/span><\\\/p>\\n\n\n<p><span>\\u00a0<\\\/span><\\\/p>\",\"title_element\":\"h2\"}},{\"type\":\"button\",\"props\":{\"grid_column_gap\":\"small\",\"grid_row_gap\":\"small\",\"margin\":\"default\",\"text_align\":\"center\"},\"children\":[{\"type\":\"button_item\",\"props\":{\"button_style\":\"default\",\"content\":\"Contactez-Nous\",\"icon_align\":\"left\",\"link\":\"index.php\\\/page\\\/\"}},{\"type\":\"button_item\",\"props\":{\"button_style\":\"danger\",\"content\":\"Nos r\\u00e9alisations\",\"icon_align\":\"left\",\"link\":\"index.php\\\/realisations\\\/\"}}]}]}]}],\"name\":\"CTA\"},{\"name\":\"Footer\",\"type\":\"section\",\"props\":{\"animation\":\"fade\",\"image_position\":\"center-center\",\"image_size\":\"cover\",\"padding_remove_bottom\":false,\"style\":\"primary\",\"title_breakpoint\":\"xl\",\"title_position\":\"top-left\",\"title_rotation\":\"left\",\"vertical_align\":\"middle\",\"width\":\"large\"},\"children\":[{\"type\":\"row\",\"props\":{\"layout\":\"2-5,1-5,1-5,1-5|1-1,1-3,1-3,1-3\",\"row_gap\":\"large\"},\"children\":[{\"type\":\"column\",\"props\":{\"image_position\":\"center-center\",\"position_sticky_breakpoint\":\"m\",\"width_medium\":\"2-5\",\"width_small\":\"1-1\"}},{\"type\":\"column\",\"props\":{\"image_position\":\"center-center\",\"position_sticky_breakpoint\":\"m\",\"width_default\":\"1-2\",\"width_medium\":\"1-5\",\"width_small\":\"1-3\"}},{\"type\":\"column\",\"props\":{\"image_position\":\"center-center\",\"position_sticky_breakpoint\":\"m\",\"width_default\":\"1-2\",\"width_medium\":\"1-5\",\"width_small\":\"1-3\"}},{\"type\":\"column\",\"props\":{\"image_position\":\"center-center\",\"position_sticky_breakpoint\":\"m\",\"width_medium\":\"1-5\",\"width_small\":\"1-3\"},\"children\":[{\"type\":\"totop\",\"props\":{\"margin\":\"default\",\"title_grid_column_gap\":\"small\",\"title_grid_row_gap\":\"small\"}}]}]},{\"type\":\"row\",\"props\":{\"layout\":\"2-5,1-5,1-5,1-5|1-1,1-3,1-3,1-3\",\"row_gap\":\"large\"},\"children\":[{\"type\":\"column\",\"props\":{\"image_position\":\"center-center\",\"position_sticky_breakpoint\":\"m\",\"width_medium\":\"2-5\",\"width_small\":\"1-1\"},\"children\":[{\"type\":\"image\",\"props\":{\"animation\":\"slide-top-small\",\"image\":\"wp-content\\\/uploads\\\/2023\\\/08\\\/logo-inverse.png\",\"image_alt\":\"CoopERLiC\",\"image_svg_color\":\"primary\",\"image_svg_inline\":true,\"image_width\":\"150\",\"link\":\"#\",\"margin\":\"default\",\"text_align\":\"left\"}},{\"type\":\"text\",\"props\":{\"column_breakpoint\":\"m\",\"content\":\"\n\n<p><span>CoopERLiC SCES agr\\u00e9\\u00e9e \\u2013 Coop\\u00e9rative d'\\u00c9neRgie Li\\u00e9geoise Citoyenne<\\\/span><\\\/p>\",\"margin\":\"default\",\"maxwidth\":\"medium\",\"maxwidth_breakpoint\":\"m\",\"text_align\":\"left\"}},{\"type\":\"divider\",\"props\":{\"divider_element\":\"hr\",\"divider_style\":\"small\"}},{\"type\":\"text\",\"props\":{\"column_breakpoint\":\"m\",\"content\":\"\n\n<p><span>Rue des Bayards, 67, 4000 Li\\u00e8ge<br \\\/>info@cooperlic.be<br \\\/>0476\\\/89 21 78<br \\\/>Date de cr\\u00e9ation : 15 janvier 2021<\\\/span><\\\/p>\",\"margin\":\"default\",\"maxwidth\":\"medium\",\"maxwidth_breakpoint\":\"m\",\"text_align\":\"left\"}}]},{\"type\":\"column\",\"props\":{\"image_position\":\"center-center\",\"position_sticky_breakpoint\":\"m\",\"width_default\":\"1-2\",\"width_medium\":\"1-5\",\"width_small\":\"1-3\"},\"children\":[{\"type\":\"headline\",\"props\":{\"content\":\"Cooperative\",\"text_align\":\"left\",\"title_color\":\"success\",\"title_element\":\"h3\",\"title_style\":\"h6\"}},{\"type\":\"list\",\"props\":{\"column_breakpoint\":\"m\",\"image_align\":\"left\",\"image_svg_color\":\"emphasis\",\"image_vertical_align\":true,\"link_style\":\"text\",\"list_element\":\"ul\",\"list_horizontal_separator\":\", \",\"list_type\":\"vertical\",\"show_image\":true,\"show_link\":true,\"text_align\":\"left\"},\"children\":[{\"type\":\"list_item\",\"props\":{\"content\":\"\n\n<p>Notre raison d'\\u00eatre<\\\/p>\",\"link\":\"#\"}},{\"type\":\"list_item\",\"props\":{\"content\":\"\n\n<p>Notre \\u00e9quipe<\\\/p>\",\"link\":\"#\"}},{\"type\":\"list_item\",\"props\":{\"content\":\"\n\n<p>Devenez Coop\\u00e9rateur<\\\/p>\",\"link\":\"#\"}},{\"type\":\"list_item\",\"props\":{\"content\":\"\n\n<p>On parle de nous<\\\/p>\",\"link\":\"#\"}}]}]},{\"type\":\"column\",\"props\":{\"image_position\":\"center-center\",\"position_sticky_breakpoint\":\"m\",\"width_default\":\"1-2\",\"width_medium\":\"1-5\",\"width_small\":\"1-3\"},\"children\":[{\"type\":\"headline\",\"props\":{\"content\":\"Services\",\"text_align\":\"left\",\"title_color\":\"success\",\"title_element\":\"h3\",\"title_style\":\"h6\"}},{\"type\":\"list\",\"props\":{\"column_breakpoint\":\"m\",\"image_align\":\"left\",\"image_svg_color\":\"emphasis\",\"image_vertical_align\":true,\"link_style\":\"text\",\"list_element\":\"ul\",\"list_horizontal_separator\":\", \",\"list_type\":\"vertical\",\"show_image\":true,\"show_link\":true,\"text_align\":\"left\"},\"children\":[{\"type\":\"list_item\",\"props\":{\"content\":\"\n\n<p>Conseiller<\\\/p>\",\"link\":\"#\"}},{\"type\":\"list_item\",\"props\":{\"content\":\"\n\n<p>Tiers-investisseur<\\\/p>\",\"link\":\"#\"}}]}]},{\"type\":\"column\",\"props\":{\"image_position\":\"center-center\",\"position_sticky_breakpoint\":\"m\",\"width_medium\":\"1-5\",\"width_small\":\"1-3\"},\"children\":[{\"type\":\"headline\",\"props\":{\"content\":\"Pour qui ?\",\"text_align\":\"left\",\"title_color\":\"success\",\"title_element\":\"h3\",\"title_style\":\"h6\"}},{\"type\":\"list\",\"props\":{\"column_breakpoint\":\"m\",\"image_align\":\"left\",\"image_svg_color\":\"emphasis\",\"image_vertical_align\":true,\"link_style\":\"text\",\"list_element\":\"ul\",\"list_horizontal_separator\":\", \",\"list_type\":\"vertical\",\"show_image\":true,\"show_link\":true,\"text_align\":\"left\"},\"children\":[{\"type\":\"list_item\",\"props\":{\"content\":\"\n\n<p>Copropri\\u00e9t\\u00e9<\\\/p>\",\"link\":\"#\"}},{\"type\":\"list_item\",\"props\":{\"content\":\"\n\n<p>Habitat group\\u00e9<\\\/p>\",\"link\":\"mailto:info@example.com\"}},{\"type\":\"list_item\",\"props\":{\"content\":\"\n\n<p>Pouvoir public<\\\/p>\",\"link\":\"#\"}},{\"type\":\"list_item\",\"props\":{\"content\":\"\n\n<p>Entreprise<\\\/p>\",\"link\":\"#\"}},{\"type\":\"list_item\",\"props\":{\"content\":\"\n\n<p>Citoyen<\\\/p>\",\"link\":\"#\"}}]}]}]},{\"type\":\"row\",\"props\":{\"layout\":\"2-5,1-5,1-5,1-5|1-1,1-3,1-3,1-3\"},\"children\":[{\"type\":\"column\",\"props\":{\"image_position\":\"center-center\",\"position_sticky_breakpoint\":\"m\",\"width_medium\":\"2-5\",\"width_small\":\"1-1\"},\"children\":[{\"type\":\"text\",\"props\":{\"column_breakpoint\":\"m\",\"content\":\"\n\n<p><span>TVA 0761.645.879<br \\\/>IBAN BE53 1030 7113 8353<br \\\/>BIC NICABEBB<br \\\/><\\\/span><\\\/p>\",\"margin\":\"default\",\"maxwidth\":\"medium\",\"maxwidth_breakpoint\":\"m\",\"text_align\":\"left\",\"text_style\":\"small\"}}]},{\"type\":\"column\",\"props\":{\"image_position\":\"center-center\",\"position_sticky_breakpoint\":\"m\",\"width_medium\":\"1-5\",\"width_small\":\"1-3\"},\"children\":[{\"type\":\"text\",\"props\":{\"column_breakpoint\":\"m\",\"content\":\"\n\n<p><span>Membre de Rescoop Wallonie\\u00a0<br \\\/>\\n    <a href=\\\"https:\\\/\\\/www.rescoop-wallonie.be\\\/\\\" target =\\\"_blank\\\"><img src=\\\"wp-content\\\/uploads\\\/2023\\\/08\\\/REScoop-Wallonie-logo-footer2.png\\\" \\\/><\\\/a><\\\/span><\\\/p>\",\"margin\":\"default\",\"maxwidth\":\"medium\",\"maxwidth_breakpoint\":\"m\",\"text_align\":\"left\",\"text_style\":\"small\"}}]},{\"type\":\"column\",\"props\":{\"image_position\":\"center-center\",\"position_sticky_breakpoint\":\"m\",\"width_medium\":\"1-5\",\"width_small\":\"1-3\"},\"children\":[{\"type\":\"text\",\"props\":{\"column_breakpoint\":\"m\",\"content\":\"\n\n<p><span>Avec la participation de la R\\u00e9gion Wallonne\\u00a0 <br \\\/><a href=\\\"https:\\\/\\\/www.wallonie.be\\\/fr\\\/\\\" target=\\\"_blank\\\" rel=\\\"noopener\\\"><img src=\\\"wp-content\\\/uploads\\\/2023\\\/08\\\/logo-wallonie-small.png\\\" \\\/><\\\/a><\\\/span><\\\/p>\",\"margin\":\"default\",\"maxwidth\":\"medium\",\"maxwidth_breakpoint\":\"m\",\"text_align\":\"left\",\"text_style\":\"small\"}}]},{\"type\":\"column\",\"props\":{\"image_position\":\"center-center\",\"position_sticky_breakpoint\":\"m\",\"width_medium\":\"1-5\",\"width_small\":\"1-3\"}}]}]},{\"type\":\"section\",\"props\":{\"image_position\":\"center-center\",\"padding\":\"small\",\"style\":\"primary\",\"title_breakpoint\":\"xl\",\"title_position\":\"top-left\",\"title_rotation\":\"left\",\"vertical_align\":\"middle\",\"width\":\"\"},\"children\":[{\"type\":\"row\",\"children\":[{\"type\":\"column\",\"props\":{\"image_position\":\"center-center\",\"position_sticky_breakpoint\":\"m\"},\"children\":[{\"type\":\"divider\",\"props\":{\"divider_element\":\"hr\"}}]}]},{\"type\":\"row\",\"props\":{\"layout\":\"1-2,1-2\",\"vertical_align\":true,\"width\":\"large\"},\"children\":[{\"type\":\"column\",\"props\":{\"image_position\":\"center-center\",\"position_sticky_breakpoint\":\"m\",\"vertical_align\":\"middle\",\"width_medium\":\"1-2\"},\"children\":[{\"type\":\"social\",\"props\":{\"animation\":\"slide-right-small\",\"grid\":\"horizontal\",\"grid_gap\":\"small\",\"icon_width\":\"16\",\"image_svg_inline\":true,\"inline_align\":\"right\",\"link_style\":\"\",\"link_target\":true,\"margin\":\"remove-vertical\",\"text_align\":\"right\",\"text_align_breakpoint\":\"m\",\"text_align_fallback\":\"center\"},\"children\":[{\"type\":\"social_item\",\"props\":{\"link\":\"https:\\\/\\\/twitter.com\\\/yootheme\"}},{\"type\":\"social_item\",\"props\":{\"link\":\"https:\\\/\\\/facebook.com\\\/yootheme\"}},{\"type\":\"social_item\",\"props\":{\"link\":\"https:\\\/\\\/www.instagram.com\\\/\"}},{\"type\":\"social_item\",\"props\":{\"link\":\"https:\\\/\\\/www.youtube.com\\\/channel\\\/UCScfGdEgRCOh9YJdpGu82eQ\"}}]}]},{\"type\":\"column\",\"props\":{\"image_position\":\"center-center\",\"order_first\":\"m\",\"position_sticky_breakpoint\":\"m\",\"vertical_align\":\"middle\",\"width_medium\":\"1-2\"},\"children\":[{\"type\":\"text\",\"props\":{\"column_breakpoint\":\"m\",\"content\":\"\n\n<p>\\u00a9 <script> document.currentScript.insertAdjacentHTML('afterend', '<time datetime=\\\"' + new Date().toJSON() + '\\\">' + new Intl.DateTimeFormat(document.documentElement.lang, {year: 'numeric'}).format() + '<\\\/time>');     <\\\/script>. Tous droits r\\u00e9serv\\u00e9s. Site r\\u00e9alis\\u00e9 par <a href=\\\"https:\\\/\\\/www.keywi-creativestudio.be\\\">Keywi Creative Studio srl<\\\/a>.\\u00a0<\\\/p>\",\"margin\":\"default\",\"text_align\":\"left\",\"text_align_breakpoint\":\"m\",\"text_align_fallback\":\"center\",\"text_color\":\"muted\",\"text_style\":\"small\"}}]}]}],\"name\":\"Copyright\"}],\"version\":\"4.0.11\"} --><\/p>\n","protected":false},"excerpt":{"rendered":"<p>Tiers-Investisseur CoopERLiC aide des collectivit\u00e9s \u00e0 financer leur production d&rsquo;\u00e9nergie renouvelables lorsqu&rsquo;elles n&rsquo;ont pas droit \u00e0 d&rsquo;autre financements. \u00a0 Contactez-Nous Nos r\u00e9alisations CoopERLiC SCES agr\u00e9\u00e9e \u2013 Coop\u00e9rative d&rsquo;\u00c9neRgie Li\u00e9geoise Citoyenne Rue des Bayards, 67, 4000 Li\u00e8geinfo@cooperlic.be0476\/89 21 78Date de cr\u00e9ation : 15 janvier 2021 Cooperative Notre raison d&rsquo;\u00eatre Notre \u00e9quipe Devenez Coop\u00e9rateur On parle de [&hellip;]<\/p>\n","protected":false},"author":4,"featured_media":0,"parent":66,"menu_order":3,"comment_status":"closed","ping_status":"closed","template":"","meta":{"footnotes":""},"class_list":["post-75","page","type-page","status-publish","hentry"],"_links":{"self":[{"href":"https:\/\/test8899.cooperlic.be\/index.php\/wp-json\/wp\/v2\/pages\/75","targetHints":{"allow":["GET"]}}],"collection":[{"href":"https:\/\/test8899.cooperlic.be\/index.php\/wp-json\/wp\/v2\/pages"}],"about":[{"href":"https:\/\/test8899.cooperlic.be\/index.php\/wp-json\/wp\/v2\/types\/page"}],"author":[{"embeddable":true,"href":"https:\/\/test8899.cooperlic.be\/index.php\/wp-json\/wp\/v2\/users\/4"}],"replies":[{"embeddable":true,"href":"https:\/\/test8899.cooperlic.be\/index.php\/wp-json\/wp\/v2\/comments?post=75"}],"version-history":[{"count":7,"href":"https:\/\/test8899.cooperlic.be\/index.php\/wp-json\/wp\/v2\/pages\/75\/revisions"}],"predecessor-version":[{"id":453,"href":"https:\/\/test8899.cooperlic.be\/index.php\/wp-json\/wp\/v2\/pages\/75\/revisions\/453"}],"up":[{"embeddable":true,"href":"https:\/\/test8899.cooperlic.be\/index.php\/wp-json\/wp\/v2\/pages\/66"}],"wp:attachment":[{"href":"https:\/\/test8899.cooperlic.be\/index.php\/wp-json\/wp\/v2\/media?parent=75"}],"curies":[{"name":"wp","href":"https:\/\/api.w.org\/{rel}","templated":true}]}}