{"id":90,"date":"2023-08-25T13:03:33","date_gmt":"2023-08-25T11:03:33","guid":{"rendered":"http:\/\/test8899.cooperlic.be\/?page_id=90"},"modified":"2024-06-25T14:00:08","modified_gmt":"2024-06-25T12:00:08","slug":"entreprise","status":"publish","type":"page","link":"https:\/\/test8899.cooperlic.be\/index.php\/pour-qui\/entreprise\/","title":{"rendered":"Entreprise"},"content":{"rendered":"<h1>\n<p><span style=\"color: #ffc000;\">Entreprise<\/span><\/p>\n<\/h1>\n<div>\n<p>Vous \u00eates une coop\u00e9rative ou une soci\u00e9t\u00e9 \u00e0 vocation culturelle ou sociale, vous d\u00e9sirez installer un moyen de production d&rsquo;\u00e9nergie verte, vous n&rsquo;avez pas acc\u00e8s \u00e0 un financement. <b>Contactez-nous<\/b>. (lien hypertexte vers formulaire de contact)<\/p>\n<p>Vous \u00eates une entreprise qui d\u00e9veloppe des projets de production d&rsquo;\u00e9nergie, vous chercher un partenaire qui pourra vous apporter une participation citoyenne. <b>Contactez-nous<\/b>. (lien hypertexte vers formulaire de contact)<\/p>\n<p>Vous \u00eates une entreprise qui intervient dans projets de r\u00e9novation \u00e9nerg\u00e9tique : architecte, bureaux d&rsquo;\u00e9tude ou entreprise de travaux. Vous d\u00e9sirez d\u00e9velopper un partenariat avec un ensemblier de travaux de r\u00e9novation pour des copropri\u00e9t\u00e9s ou des habitats group\u00e9s.<\/p>\n<\/div>\n<hr>\n<div>\n<p>Notre Service Int\u00e9gr\u00e9 d\u2019Accompagnement \u00e0 la R\u00e9novation \u00c9nerg\u00e9tique vous propose :<\/p>\n<ul>\n<li>\n<p align=\"JUSTIFY\"><b>Un acc\u00e8s facilit\u00e9 aux projets <\/b>cr\u00e9ant ainsi des opportunit\u00e9s professionnelles dans un secteur en plein essor.<\/p>\n<\/li>\n<li>\n<p align=\"JUSTIFY\"><b>Une coordination efficace entre les diff\u00e9rents intervenants <\/b>pour simplifier le processus de collaboration. Cela permet une planification et gestion plus efficace des projets, r\u00e9duisant les risques de retards et de probl\u00e8mes logistiques.<\/p>\n<\/li>\n<li align=\"JUSTIFY\"><b>Un montage financier solide. <\/b> Le SIARE propose des montages financiers avantageux pour les copropri\u00e9t\u00e9s, int\u00e9grant des aides wallonnes et d&rsquo;autres sources de financement. Cette approche facilite la r\u00e9alisation de projets ambitieux en r\u00e9novation \u00e9nerg\u00e9tique, stimulant l&rsquo;implication des acteurs du secteur.<\/li>\n<\/ul>\n<ul>\n<li align=\"JUSTIFY\"><b>Une visibilit\u00e9 et une r\u00e9putation renforc\u00e9e. <\/b>Le SIARE \u00e9tant le seul acteur dans ce secteur en plein essor, une collaboration efficace, \u00e0 double sens, am\u00e9liorera votre visibilit\u00e9 et votre r\u00e9putation.<\/li>\n<\/ul>\n<\/div>\n<p>\n    <a href=\"\/index.php\/page\/\">Contactez-nous<\/a>\n<\/p>\n<p><!--more--><br \/>\n<!-- {\"type\":\"layout\",\"children\":[{\"type\":\"section\",\"props\":{\"css\":\"@media (min-width: 960px) {\\n    .el-section > div  {\\n        padding-top: 350px;\\n        padding-bottom: 350px;\\n    }\\n}\",\"image\":\"wp-content\\\/uploads\\\/2024\\\/06\\\/entreprise2.jpg\",\"image_loading\":true,\"image_position\":\"center-center\",\"image_size\":\"cover\",\"image_width\":\"1840\",\"padding\":\"xlarge\",\"style\":\"default\",\"title_breakpoint\":\"xl\",\"title_position\":\"top-left\",\"title_rotation\":\"left\",\"vertical_align\":\"\",\"width\":\"default\"},\"children\":[{\"type\":\"row\",\"children\":[{\"type\":\"column\",\"props\":{\"image_position\":\"center-center\",\"position_sticky_breakpoint\":\"m\",\"width_medium\":\"1-1\"},\"children\":[{\"type\":\"headline\",\"props\":{\"content\":\"\n\n<p><span style=\\\"color: #ffc000;\\\">Entreprise<\\\/span><\\\/p>\",\"text_align\":\"center\",\"title_element\":\"h1\",\"title_font_family\":\"secondary\",\"title_style\":\"heading-2xlarge\"}}]}]}],\"name\":\"Image Top\"},{\"name\":\"Syndic\",\"type\":\"section\",\"props\":{\"image_position\":\"center-center\",\"padding\":\"large\",\"style\":\"primary\",\"title_breakpoint\":\"xl\",\"title_position\":\"top-left\",\"title_rotation\":\"left\",\"vertical_align\":\"\",\"width\":\"xlarge\"},\"children\":[{\"type\":\"row\",\"children\":[{\"type\":\"column\",\"props\":{\"image_position\":\"center-center\",\"position_sticky_breakpoint\":\"m\"},\"children\":[{\"type\":\"text\",\"props\":{\"block_align\":\"center\",\"column_breakpoint\":\"m\",\"content\":\"\n\n<p>Vous \\u00eates une coop\\u00e9rative ou une soci\\u00e9t\\u00e9 \\u00e0 vocation culturelle ou sociale, vous d\\u00e9sirez installer un moyen de production d'\\u00e9nergie verte, vous n'avez pas acc\\u00e8s \\u00e0 un financement. <b>Contactez-nous<\\\/b>. (lien hypertexte vers formulaire de contact)<\\\/p>\\n\n\n<p>Vous \\u00eates une entreprise qui d\\u00e9veloppe des projets de production d'\\u00e9nergie, vous chercher un partenaire qui pourra vous apporter une participation citoyenne. <b>Contactez-nous<\\\/b>. (lien hypertexte vers formulaire de contact)<\\\/p>\\n\n\n<p>Vous \\u00eates une entreprise qui intervient dans projets de r\\u00e9novation \\u00e9nerg\\u00e9tique : architecte, bureaux d'\\u00e9tude ou entreprise de travaux. Vous d\\u00e9sirez d\\u00e9velopper un partenariat avec un ensemblier de travaux de r\\u00e9novation pour des copropri\\u00e9t\\u00e9s ou des habitats group\\u00e9s.<\\\/p>\",\"margin\":\"default\",\"maxwidth\":\"xlarge\",\"text_align\":\"left\"}},{\"type\":\"divider\",\"props\":{\"divider_element\":\"hr\",\"divider_style\":\"vertical\"}},{\"type\":\"text\",\"props\":{\"block_align\":\"center\",\"column_breakpoint\":\"m\",\"content\":\"\n\n<p>Notre Service Int\\u00e9gr\\u00e9 d\\u2019Accompagnement \\u00e0 la R\\u00e9novation \\u00c9nerg\\u00e9tique vous propose :<\\\/p>\\n\n\n<ul>\\n\n\n<li>\\n\n\n<p align=\\\"JUSTIFY\\\"><b>Un acc\\u00e8s facilit\\u00e9 aux projets <\\\/b>cr\\u00e9ant ainsi des opportunit\\u00e9s professionnelles dans un secteur en plein essor.<\\\/p>\\n<\\\/li>\\n\n\n<li>\\n\n\n<p align=\\\"JUSTIFY\\\"><b>Une coordination efficace entre les diff\\u00e9rents intervenants <\\\/b>pour simplifier le processus de collaboration. Cela permet une planification et gestion plus efficace des projets, r\\u00e9duisant les risques de retards et de probl\\u00e8mes logistiques.<\\\/p>\\n<\\\/li>\\n\n\n<li align=\\\"JUSTIFY\\\"><b>Un montage financier solide. <\\\/b> Le SIARE propose des montages financiers avantageux pour les copropri\\u00e9t\\u00e9s, int\\u00e9grant des aides wallonnes et d'autres sources de financement. Cette approche facilite la r\\u00e9alisation de projets ambitieux en r\\u00e9novation \\u00e9nerg\\u00e9tique, stimulant l'implication des acteurs du secteur.<\\\/li>\\n<\\\/ul>\\n\n\n<p><\\\/p>\\n\n\n<ul>\\n\n\n<li align=\\\"JUSTIFY\\\"><b>Une visibilit\\u00e9 et une r\\u00e9putation renforc\\u00e9e. <\\\/b>Le SIARE \\u00e9tant le seul acteur dans ce secteur en plein essor, une collaboration efficace, \\u00e0 double sens, am\\u00e9liorera votre visibilit\\u00e9 et votre r\\u00e9putation.<\\\/li>\\n<\\\/ul>\",\"margin\":\"default\",\"maxwidth\":\"xlarge\",\"text_align\":\"left\"}},{\"type\":\"button\",\"props\":{\"grid_column_gap\":\"small\",\"grid_row_gap\":\"small\",\"margin\":\"default\",\"text_align\":\"center\"},\"children\":[{\"type\":\"button_item\",\"props\":{\"button_style\":\"danger\",\"content\":\"Contactez-nous\",\"icon_align\":\"left\",\"link\":\"index.php\\\/page\\\/\"}}]}]}]}]}],\"version\":\"4.4.4\"} --><\/p>\n","protected":false},"excerpt":{"rendered":"<p>Entreprise Vous \u00eates une coop\u00e9rative ou une soci\u00e9t\u00e9 \u00e0 vocation culturelle ou sociale, vous d\u00e9sirez installer un moyen de production d&rsquo;\u00e9nergie verte, vous n&rsquo;avez pas acc\u00e8s \u00e0 un financement. Contactez-nous. (lien hypertexte vers formulaire de contact) Vous \u00eates une entreprise qui d\u00e9veloppe des projets de production d&rsquo;\u00e9nergie, vous chercher un partenaire qui pourra vous apporter [&hellip;]<\/p>\n","protected":false},"author":4,"featured_media":0,"parent":78,"menu_order":4,"comment_status":"closed","ping_status":"closed","template":"","meta":{"footnotes":""},"class_list":["post-90","page","type-page","status-publish","hentry"],"_links":{"self":[{"href":"https:\/\/test8899.cooperlic.be\/index.php\/wp-json\/wp\/v2\/pages\/90","targetHints":{"allow":["GET"]}}],"collection":[{"href":"https:\/\/test8899.cooperlic.be\/index.php\/wp-json\/wp\/v2\/pages"}],"about":[{"href":"https:\/\/test8899.cooperlic.be\/index.php\/wp-json\/wp\/v2\/types\/page"}],"author":[{"embeddable":true,"href":"https:\/\/test8899.cooperlic.be\/index.php\/wp-json\/wp\/v2\/users\/4"}],"replies":[{"embeddable":true,"href":"https:\/\/test8899.cooperlic.be\/index.php\/wp-json\/wp\/v2\/comments?post=90"}],"version-history":[{"count":9,"href":"https:\/\/test8899.cooperlic.be\/index.php\/wp-json\/wp\/v2\/pages\/90\/revisions"}],"predecessor-version":[{"id":542,"href":"https:\/\/test8899.cooperlic.be\/index.php\/wp-json\/wp\/v2\/pages\/90\/revisions\/542"}],"up":[{"embeddable":true,"href":"https:\/\/test8899.cooperlic.be\/index.php\/wp-json\/wp\/v2\/pages\/78"}],"wp:attachment":[{"href":"https:\/\/test8899.cooperlic.be\/index.php\/wp-json\/wp\/v2\/media?parent=90"}],"curies":[{"name":"wp","href":"https:\/\/api.w.org\/{rel}","templated":true}]}}